{"id":20398,"date":"2022-02-04T16:14:39","date_gmt":"2022-02-04T15:14:39","guid":{"rendered":"https:\/\/dev2.wfg-kreis-viersen.de\/tourismusregion\/"},"modified":"2022-04-21T21:53:50","modified_gmt":"2022-04-21T19:53:50","slug":"tourism-region","status":"publish","type":"page","link":"https:\/\/wfg-kreis-viersen.de\/en\/tourism-region\/","title":{"rendered":"Tourism region"},"content":{"rendered":"<p>[vc_row css=&#8221;.vc_custom_1644420431036{margin-bottom: 120px !important;}&#8221;][vc_column offset=&#8221;vc_col-lg-8 vc_col-md-10&#8243;][vc_column_text]<\/p>\n<h1>Tourism<\/h1>\n<h2>Future-proof tourism region<\/h2>\n<p>[\/vc_column_text][vc_column_text css=&#8221;.vc_custom_1648731783216{margin-bottom: 15px !important;padding-top: 0px !important;}&#8221;]<strong>Tourism plays an important role for business in Kreis Viersen. As such, stimulating and developing the tourism sector is one of our most important tasks. <\/strong>[\/vc_column_text][vc_column_text css=&#8221;.vc_custom_1648731788953{margin-bottom: 15px !important;padding-top: 0px !important;}&#8221;]The Schwalm-Nette Nature Park makes Kreis Viersen an important part of the Lower Rhine region as a tourist destination. The impressive number of overnight stays in the region is proof of this. Until 2019, the number of overnight stays increased continuously. Sixty-seven companies accounted for approximately 368,000 overnight stays in 2019.[\/vc_column_text][vc_column_text css=&#8221;.vc_custom_1648731808897{margin-bottom: 15px !important;padding-top: 0px !important;}&#8221;]As a shareholder in the regional destination marketing organisation (DMO) <a href=\"https:\/\/niederrhein-tourismus.de\/\" target=\"_blank\" rel=\"noopener\">Niederrhein Tourismus GmbH<\/a>, we conduct tourism marketing and coordination in Kreis Viersen within the framework of the regional tourism strategy of Niederrhein Tourismus. We are active in tourism networks and working groups of Niederrhein Tourismus GmbH and represent the district and its municipalities at regional and national fairs together with Niederrhein Tourismus under the regional brand &#8220;Niederrhein. so gut. so weit&#8221;<\/p>\n<p>We aim to offer our guests engaging experiences and create good conditions for promoting our tourism region.[\/vc_column_text][vc_empty_space height=&#8221;60px&#8221;][\/vc_column][vc_column offset=&#8221;vc_col-lg-4&#8243;][\/vc_column][\/vc_row][vc_row full_width=&#8221;stretch_row&#8221; el_class=&#8221;diagonal-grau mehr-wissen&#8221; css=&#8221;.vc_custom_1644785498136{margin-bottom: 0px !important;}&#8221;][vc_column][vc_column_text css=&#8221;.vc_custom_1648731816911{margin-bottom: 60px !important;}&#8221;]<\/p>\n<h2 style=\"text-align: center;\">More knowledge in a shorter time frame<\/h2>\n<p>[\/vc_column_text][\/vc_column][vc_column offset=&#8221;vc_col-md-4&#8243;][vc_row_inner][vc_column_inner width=&#8221;1\/4&#8243; offset=&#8221;vc_col-md-12&#8243;][vc_single_image image=&#8221;18926&#8243; img_size=&#8221;full&#8221; el_class=&#8221;injectable text-md-center&#8221; css=&#8221;.vc_custom_1644220071522{margin-bottom: 0px !important;}&#8221;][\/vc_column_inner][vc_column_inner width=&#8221;3\/4&#8243; offset=&#8221;vc_col-md-12&#8243;][vc_column_text el_class=&#8221;text-lg-center&#8221;]<\/p>\n<h3>Facts &amp; Figures<\/h3>\n<p>We are responsible for promoting and coordinating tourism in Kreis Viersen and contributing to our tourism region&#8217;s future sustainability. We are the first point of contact for companies in Kreis Viersen for all tourism issues. We provide information, offer advice and are happy to make data available on request.[\/vc_column_text][\/vc_column_inner][\/vc_row_inner][\/vc_column][vc_column offset=&#8221;vc_col-md-4&#8243;][vc_row_inner][vc_column_inner width=&#8221;1\/4&#8243; offset=&#8221;vc_col-md-12&#8243;][vc_single_image image=&#8221;18930&#8243; img_size=&#8221;full&#8221; el_class=&#8221;injectable text-md-center&#8221; css=&#8221;.vc_custom_1644220206962{margin-bottom: 0px !important;}&#8221;][\/vc_column_inner][vc_column_inner width=&#8221;3\/4&#8243; offset=&#8221;vc_col-md-12&#8243;][vc_column_text el_class=&#8221;text-lg-center&#8221;]<\/p>\n<h3>Supra-regional marketing<\/h3>\n<p>We are shareholders of the regional destination marketing organisation (DMO) Niederrhein Tourismus GmbH. We conduct marketing, sales, quality management and the development of tourism offerings in close cooperation with Niederrhein Tourismus, in line with the regional strategy. We contribute to tourism quality management by classifying holiday homes and hotels.[\/vc_column_text][\/vc_column_inner][\/vc_row_inner][\/vc_column][vc_column offset=&#8221;vc_col-md-4&#8243;][vc_row_inner][vc_column_inner width=&#8221;1\/4&#8243; offset=&#8221;vc_col-md-12&#8243;][vc_single_image image=&#8221;18934&#8243; img_size=&#8221;full&#8221; el_class=&#8221;injectable text-md-center&#8221; css=&#8221;.vc_custom_1644220333580{margin-bottom: 0px !important;}&#8221;][\/vc_column_inner][vc_column_inner width=&#8221;3\/4&#8243; offset=&#8221;vc_col-md-12&#8243;][vc_column_text el_class=&#8221;text-lg-center&#8221;]<\/p>\n<h3>Networks and projects<\/h3>\n<p>As a shareholder of Niederrhein Tourismus GmbH, we promote the tourism interests of Kreis Viersen. Companies can become partners of Niederrhein Tourismus through us, becoming part of tourism networks and projects in doing so. In addition to meetings and networking events, they receive the Niederrhein Tourismus B2B newsletter with important industry information.[\/vc_column_text][\/vc_column_inner][\/vc_row_inner][\/vc_column][\/vc_row][vc_row full_width=&#8221;stretch_row&#8221; el_class=&#8221;diagonal-blau&#8221; css=&#8221;.vc_custom_1644785375197{margin-bottom: 120px !important;}&#8221;][vc_column][vc_column_text]<\/p>\n<h2 style=\"text-align: center;\">Partners &amp; Networks<\/h2>\n<p>[\/vc_column_text][vc_column_text]<div class=\"card-deck owl-carousel owl-theme post-carousel-layout-partner-netzwerke owl-nav-center carousel-center\" data-owl-carousel-options=\"{&quot;responsive&quot;:{&quot;0&quot;:{&quot;items&quot;:1,&quot;margin&quot;:0,&quot;loop&quot;:false,&quot;nav&quot;:true,&quot;dots&quot;:true,&quot;autoplay&quot;:false,&quot;autoplayTimeout&quot;:5000},&quot;576&quot;:{&quot;items&quot;:1,&quot;margin&quot;:0,&quot;loop&quot;:false,&quot;nav&quot;:true,&quot;dots&quot;:true,&quot;autoplay&quot;:false,&quot;autoplayTimeout&quot;:5000},&quot;768&quot;:{&quot;items&quot;:2,&quot;margin&quot;:0,&quot;loop&quot;:false,&quot;nav&quot;:true,&quot;dots&quot;:true,&quot;autoplay&quot;:false,&quot;autoplayTimeout&quot;:5000},&quot;992&quot;:{&quot;items&quot;:2,&quot;margin&quot;:0,&quot;loop&quot;:false,&quot;nav&quot;:true,&quot;dots&quot;:true,&quot;autoplay&quot;:false,&quot;autoplayTimeout&quot;:5000},&quot;1200&quot;:{&quot;items&quot;:3,&quot;margin&quot;:0,&quot;loop&quot;:false,&quot;nav&quot;:true,&quot;dots&quot;:true,&quot;autoplay&quot;:false,&quot;autoplayTimeout&quot;:5000}},&quot;stagePadding&quot;:0,&quot;center&quot;:false,&quot;animateIn&quot;:false,&quot;animateOut&quot;:false,&quot;mouseDrag&quot;:true,&quot;touchDrag&quot;:true,&quot;navText&quot;:[&quot;&lt;span aria-label=\\&quot;Previous\\&quot;&gt;\\u2039&lt;\\\/span&gt;&quot;,&quot;&lt;span aria-label=\\&quot;Next\\&quot;&gt;\\u203a&lt;\\\/span&gt;&quot;]}\">\r\n\t\r\n\t\t<div class=\"item\">\r\n\t\t\t<div class=\"card\">\r\n\t\t\t\t\t\t<a href=\"https:\/\/niederrhein-tourismus.de\/\" target=\"_blank\">\t\t\t<div class=\"image\" style=\"background-image:url('https:\/\/wfg-kreis-viersen.de\/wp-content\/uploads\/2019\/09\/NT-Logo-colored_400px.png');\"><\/div>\r\n\t\t\t<\/a>\t\t\t<\/div>\r\n\t\t<\/div>\r\n\r\n\t<\/div><style>\/* post-carousel-layout-partner-netzwerke *\/\r\n\r\n.post-carousel-layout-partner-netzwerke{\r\n  margin: 0;\r\n}\r\n\r\n.post-carousel-layout-partner-netzwerke .owl-stage-outer{\r\n    padding: 30px 0;\r\n    margin-right: -15px;\r\n}\r\n\r\n\/*\r\n.post-carousel-layout-partner-netzwerke .owl-stage {\r\n  display: flex;\r\n}\r\n\r\n.post-carousel-layout-partner-netzwerke .owl-item {\r\n  display: flex;\r\n  flex: 1 0 auto;\r\n}\r\n*\/\r\n\r\n\r\n.post-carousel-layout-partner-netzwerke .item{\r\n    height: 100%;\r\n    margin: 15px;\r\n}\r\n\r\n\r\n\r\n.post-carousel-layout-partner-netzwerke .item .card{\r\n    width: 100%;\r\n    transition:all 0.3s ease-in-out;\r\n    margin: 0;\r\n}\r\n\r\n.post-carousel-layout-partner-netzwerke .item .card:hover{\r\n    box-shadow: rgb(100 100 111 \/ 20%) 0px 7px 15px 0px;\r\n    transition: all 0.3s;\r\n}\r\n\r\n.post-carousel-layout-partner-netzwerke .item .card .image{\r\n  width: 100%;\r\n  height: 200px;\r\n  background-position: center;\r\n  background-size: contain;\r\n  background-repeat: no-repeat;\r\n  border: 30px solid #fff;\r\n  background-color: #fff;\r\n}<\/style>[\/vc_column_text][vc_row_inner equal_height=&#8221;yes&#8221; content_placement=&#8221;middle&#8221; disable_element=&#8221;yes&#8221;][vc_column_inner offset=&#8221;vc_col-md-4&#8243;][\/vc_column_inner][vc_column_inner el_class=&#8221;col-box col-white align-center-center p-45 mb-30 col-hover-shadow-lg&#8221; width=&#8221;1\/2&#8243; offset=&#8221;vc_col-md-offset-0 vc_col-md-4 vc_col-sm-offset-3&#8243;][vc_single_image image=&#8221;17596&#8243; img_size=&#8221;full&#8221; alignment=&#8221;center&#8221; onclick=&#8221;custom_link&#8221; img_link_target=&#8221;_blank&#8221; link=&#8221;https:\/\/niederrhein-tourismus.de\/&#8221;][\/vc_column_inner][vc_column_inner offset=&#8221;vc_col-lg-4&#8243;][\/vc_column_inner][\/vc_row_inner][\/vc_column][\/vc_row][vc_row css=&#8221;.vc_custom_1643976417127{margin-bottom: 120px !important;}&#8221;][vc_column][vc_column_text]<\/p>\n<h2 style=\"text-align: center;\">News &amp; Dates<\/h2>\n<p>[\/vc_column_text][vc_column_text]<div class=\"card-deck owl-carousel owl-theme post-carousel-layout-tags-1 bg-white owl-nav-center carousel-center\" data-owl-carousel-options=\"{&quot;responsive&quot;:{&quot;0&quot;:{&quot;items&quot;:1,&quot;margin&quot;:0,&quot;loop&quot;:false,&quot;nav&quot;:true,&quot;dots&quot;:true,&quot;autoplay&quot;:false,&quot;autoplayTimeout&quot;:5000},&quot;576&quot;:{&quot;items&quot;:1,&quot;margin&quot;:0,&quot;loop&quot;:false,&quot;nav&quot;:true,&quot;dots&quot;:true,&quot;autoplay&quot;:false,&quot;autoplayTimeout&quot;:5000},&quot;768&quot;:{&quot;items&quot;:2,&quot;margin&quot;:0,&quot;loop&quot;:false,&quot;nav&quot;:true,&quot;dots&quot;:true,&quot;autoplay&quot;:false,&quot;autoplayTimeout&quot;:5000},&quot;992&quot;:{&quot;items&quot;:3,&quot;margin&quot;:0,&quot;loop&quot;:false,&quot;nav&quot;:true,&quot;dots&quot;:true,&quot;autoplay&quot;:false,&quot;autoplayTimeout&quot;:5000},&quot;1200&quot;:{&quot;items&quot;:3,&quot;margin&quot;:0,&quot;loop&quot;:false,&quot;nav&quot;:true,&quot;dots&quot;:true,&quot;autoplay&quot;:false,&quot;autoplayTimeout&quot;:5000}},&quot;stagePadding&quot;:0,&quot;center&quot;:false,&quot;animateIn&quot;:false,&quot;animateOut&quot;:false,&quot;mouseDrag&quot;:true,&quot;touchDrag&quot;:true,&quot;navText&quot;:[&quot;&lt;span aria-label=\\&quot;Previous\\&quot;&gt;\\u2039&lt;\\\/span&gt;&quot;,&quot;&lt;span aria-label=\\&quot;Next\\&quot;&gt;\\u203a&lt;\\\/span&gt;&quot;]}\">\r\n\t\r\n\t\t<div class=\"item\">\r\n\t\t\t<div class=\"card\">\r\n\t\t\t\t<div class=\"card-img\" style=\"background-image:url('https:\/\/wfg-kreis-viersen.de\/wp-content\/uploads\/2022\/04\/Partner-Kreis-Viersen-auf-Touristikmesse-Kalkar-02.-03.04.2022-Kopie.jpg');\"><\/div>\r\n\t\t\t\t<div class=\"card-body\">\r\n\t\t\t\t\t<h3 class=\"h4 card-title\">Urlaub und Freizeit in der Region ist angesagt<\/h3>\r\n\t\t\t\t\t<p class=\"card-text\">Gemeinschaftsstand des Kreises Viersen auf der Touristikmesse in Kalkar Auch 2022 ist Urlaub in Deutschland stark gefragt. Das machte die Touristikmesse Niederrhein im Messe- und Kongresszentrum Kalkar deutlich. Dort pr\u00e4sentierte[...]<\/p>\r\n\t\t\t\t<\/div>\r\n\t\t\t\t<div class=\"card-footer button-filled button-sm\">\r\n\t\t\t\t\t<a href=\"https:\/\/wfg-kreis-viersen.de\/en\/urlaub-und-freizeit-in-der-region-ist-angesagt\/\" class=\"stretched-link\">more<\/a>\r\n\t\t\t\t<\/div>\r\n\t\t\t<\/div>\r\n\t\t\t\r\n\t\t<\/div>\r\n\t\r\n\t\t<div class=\"item\">\r\n\t\t\t<div class=\"card\">\r\n\t\t\t\t<div class=\"card-img\" style=\"background-image:url('https:\/\/wfg-kreis-viersen.de\/wp-content\/uploads\/2022\/03\/Martina-Baumgaertner-NT-2021-1024x684.jpg');\"><\/div>\r\n\t\t\t\t<div class=\"card-body\">\r\n\t\t\t\t\t<h3 class=\"h4 card-title\">\u201eGrefrath hat sich bestens pr\u00e4sentiert\u201c<\/h3>\r\n\t\t\t\t\t<p class=\"card-text\">\u201eNat\u00fcrlich sind wir entt\u00e4uscht, dass Grefrath den Zuschlag f\u00fcr die Landesgartenschau 2026 nicht erhalten hat\u201c, sagt Martina Baumg\u00e4rtner, Gesch\u00e4ftsf\u00fchrerin der Niederrhein Tourismus GmbH und Prokuristin der Wirtschaftsf\u00f6rderungsgesellschaft (WFG) Kreis Viersen.[...]<\/p>\r\n\t\t\t\t<\/div>\r\n\t\t\t\t<div class=\"card-footer button-filled button-sm\">\r\n\t\t\t\t\t<a href=\"https:\/\/wfg-kreis-viersen.de\/en\/grefrath-hat-sich-bestens-praesentiert\/\" class=\"stretched-link\">more<\/a>\r\n\t\t\t\t<\/div>\r\n\t\t\t<\/div>\r\n\t\t\t\r\n\t\t<\/div>\r\n\t\r\n\t\t<div class=\"item\">\r\n\t\t\t<div class=\"card\">\r\n\t\t\t\t<div class=\"card-img\" style=\"background-image:url('https:\/\/wfg-kreis-viersen.de\/wp-content\/uploads\/2022\/03\/Logo-Touristikmesse-Niederrhein-02.-03.04.2022-1024x615.jpg');\"><\/div>\r\n\t\t\t\t<div class=\"card-body\">\r\n\t\t\t\t\t<h3 class=\"h4 card-title\">Start in die Freizeitsaison<\/h3>\r\n\t\t\t\t\t<p class=\"card-text\">Kreis Viersen pr\u00e4sentiert sich auf der Touristikmesse Niederrhein Mit Schwung und Elan in die Freizeitsaison: Das ist das Motto der Touristikmesse Niederrhein am 2. und 3. April im Messe- und[...]<\/p>\r\n\t\t\t\t<\/div>\r\n\t\t\t\t<div class=\"card-footer button-filled button-sm\">\r\n\t\t\t\t\t<a href=\"https:\/\/wfg-kreis-viersen.de\/en\/start-in-die-freizeitsaison\/\" class=\"stretched-link\">more<\/a>\r\n\t\t\t\t<\/div>\r\n\t\t\t<\/div>\r\n\t\t\t\r\n\t\t<\/div>\r\n\t\r\n\t\t<div class=\"item\">\r\n\t\t\t<div class=\"card\">\r\n\t\t\t\t<div class=\"card-img\" style=\"background-image:url('https:\/\/wfg-kreis-viersen.de\/wp-content\/uploads\/2021\/11\/x-Foto-WFG-1-Brosch\u00fcre-LaGa-1024x683.jpg');\"><\/div>\r\n\t\t\t\t<div class=\"card-body\">\r\n\t\t\t\t\t<h3 class=\"h4 card-title\">Landesgartenschau 2026: Die Bewerbung ist auf dem Weg<\/h3>\r\n\t\t\t\t\t<p class=\"card-text\">Die Bewerbung ist offiziell auf dem Weg, 2026 soll Grefrath Ort der Landesgartenschau NRW sein. Wie die LaGa 2026 aussehen soll, verdeutlicht anschaulich die Bewerbungsbrosch\u00fcre, die die beauftragten Planungsb\u00fcros erstellt[...]<\/p>\r\n\t\t\t\t<\/div>\r\n\t\t\t\t<div class=\"card-footer button-filled button-sm\">\r\n\t\t\t\t\t<a href=\"https:\/\/wfg-kreis-viersen.de\/en\/landesgartenschau-2026-die-bewerbung-ist-auf-dem-weg\/\" class=\"stretched-link\">more<\/a>\r\n\t\t\t\t<\/div>\r\n\t\t\t<\/div>\r\n\t\t\t\r\n\t\t<\/div>\r\n\t<\/div><style>\/* post-carousel-layout-tags-1 *\/\r\n\r\n.post-carousel-layout-tags-1 .owl-stage {\r\n  display: flex;\r\n}\r\n.post-carousel-layout-tags-1 .owl-item {\r\n  display: flex;\r\n  flex: 1 0 auto;\r\n}\r\n.post-carousel-layout-tags-1 .caption {\r\n  display: flex;\r\n  flex: 1 0 auto;\r\n  flex-direction: column;\r\n}\r\n.post-carousel-layout-tags-1 .flex-text {\r\n  flex-grow: 1;\r\n}\r\n.post-carousel-layout-tags-1 .thumbnail {\r\n  display: flex;\r\n  flex-direction: column;\r\n  margin: 0 15px;\r\n}\r\n\r\n.post-carousel-layout-tags-1 .card {\r\n    -ms-flex: 1 0 0%;\r\n    flex: 1 0 0%;\r\n    margin-right: 15px;\r\n    margin-bottom: 0;\r\n    margin-left: 15px;\r\n    height: 100%;\r\n    overflow: hidden;\r\n}\r\n\r\n.post-carousel-layout-tags-1 .card-img {\r\n  width: 100%;\r\n  height: 200px;\r\n  background-color: #ccc;\r\n  background-position: center;\r\n  background-size: cover;\r\n  transition:all 0.3s ease-in-out;\r\n  opacity:1;\r\n}\r\n\r\n.post-carousel-layout-tags-1 .card:hover .card-img,\r\n.post-carousel-layout-tags-1 .card:focus .card-img {\r\n  transform: scale(1.02);\r\n  opacity:0.5;\r\n}\r\n\r\n.post-carousel-layout-tags-1 .card-footer {\r\n    padding: 2rem 1.25rem;\r\n    background-color: transparent;\r\n    border-top: 0;\r\n}\r\n\r\n.post-carousel-layout-tags-1 .owl-stage-outer{\r\n    padding: 30px 0;\r\n}\r\n\r\n.post-carousel-layout-tags-1 .card,\r\n.post-carousel-layout-tags-1 .card .card-img{\r\n    border-radius: 0;\r\n}\r\n\r\n.post-carousel-layout-tags-1 .card{\r\n    border: 0;\r\n    transition: all 0.3s;\r\n    height: 100%;\r\n    flex: 1 0 0%;\r\n    background-color: #fff;\r\n}\r\n\r\n.post-carousel-layout-tags-1 .card:hover{\r\n    transition: all 0.3s;\r\n    box-shadow: rgba(100, 100, 100, 0.2) 0px 7px 15px 0px;\r\n}\r\n\r\n.post-carousel-layout-tags-1 .card-img{\r\n    height: 230px\r\n}\r\n\r\n.post-carousel-layout-tags-1 .card:hover .card-img,\r\n.post-carousel-layout-tags-1 .card:focus .card-img {\r\n    transform: scale(1.02);\r\n    opacity: 0.8;\r\n}\r\n\r\n.post-carousel-layout-tags-1 .card .card-body h3{\r\n    color: #0077be;\r\n}\r\n\r\n.post-carousel-layout-tags-1 .card .card-body p.card-text{\r\n    color: #7d878c;\r\n}\r\n\r\n.post-carousel-layout-tags-1 .card .card-footer{\r\n    padding-top: 0;\r\n}<\/style>[\/vc_column_text][vc_column_text][\/vc_column_text][\/vc_column][\/vc_row][vc_row full_width=&#8221;stretch_row&#8221; el_class=&#8221;diagonal-grau&#8221; css=&#8221;.vc_custom_1643976168833{margin-bottom: 120px !important;}&#8221;][vc_column width=&#8221;1\/12&#8243;][\/vc_column][vc_column width=&#8221;10\/12&#8243;][vc_column_text]<\/p>\n<h2 style=\"text-align: center;\">Outlook<\/h2>\n<p>[\/vc_column_text][vc_row_inner][vc_column_inner width=&#8221;1\/2&#8243;][vc_column_text]Tourism plays an important role in Kreis Viersen. The impressive number of overnight stays in the region is proof of this. Until 2019, the number of overnight stays increased continuously. 67 companies accounted for approximately 368,000 overnight stays in 2019.[\/vc_column_text][\/vc_column_inner][vc_column_inner width=&#8221;1\/2&#8243;][vc_column_text]We are responsible for promoting and coordinating tourism, providing incentives and serving as an expert point of contact for all tourism-related questions. Our cooperation with <a href=\"https:\/\/niederrhein-tourismus.de\/\" target=\"_blank\" rel=\"noopener\">Niederrhein Tourismus<\/a> means you also benefit from supra-regional and national marketing, networks and working groups.[\/vc_column_text][\/vc_column_inner][\/vc_row_inner][vc_row_inner disable_element=&#8221;yes&#8221;][vc_column_inner width=&#8221;2\/12&#8243;][\/vc_column_inner][vc_column_inner width=&#8221;8\/12&#8243;][vc_column_text]<\/p>\n<p style=\"text-align: center;\">Der Tourismus spielt im Kreis Viersen eine wichtige Rolle. Das zeigen eindrucksvoll die Zahlen\u00a0 der \u00dcbernachtungen im Kreisgebiet. Bis 2019 konnten wir steigende \u00dcbernachtungszahlen verzeichnen. 67 ge\u00f6ffnete Betriebe generierten im Jahr 2019 insgesamt rund 368.000 \u00dcbernachtungen.<\/p>\n<p style=\"text-align: center;\">Wir sind f\u00fcr die Tourismusf\u00f6rderung und -koordinierung zust\u00e4ndig, sind Impulsgeberin und kompetente Ansprechpartnerin in allen touristischen Fragen. \u00dcber die Kooperation mit Niederrhein Tourismus profitieren Sie zudem vom \u00fcberregionalen Marketing und \u00fcberregionalen Netzwerken und Arbeitskreisen<\/p>\n<p style=\"text-align: center;\">Bei Interesse sprechen Sie uns an, wir unterst\u00fctzen Sie gerne!<\/p>\n<p>[\/vc_column_text][\/vc_column_inner][vc_column_inner width=&#8221;2\/12&#8243;][\/vc_column_inner][\/vc_row_inner][\/vc_column][vc_column width=&#8221;1\/12&#8243;][\/vc_column][\/vc_row][vc_row][vc_column][vc_column_text el_class=&#8221;h2-headline&#8221;]<\/p>\n<h2 style=\"text-align: center;\">If you still have questions,<\/h2>\n<p style=\"text-align: center;\">I am happy to help.<\/p>\n<p>[\/vc_column_text]<div class=\"owl-carousel owl-theme team-carousel-standard-1\" data-owl-carousel-options=\"{&quot;responsive&quot;:{&quot;0&quot;:{&quot;items&quot;:1,&quot;margin&quot;:0,&quot;loop&quot;:false,&quot;nav&quot;:false,&quot;dots&quot;:true,&quot;autoplay&quot;:false},&quot;576&quot;:{&quot;items&quot;:1,&quot;margin&quot;:0,&quot;loop&quot;:false,&quot;nav&quot;:false,&quot;dots&quot;:true,&quot;autoplay&quot;:false},&quot;768&quot;:{&quot;items&quot;:2,&quot;margin&quot;:0,&quot;loop&quot;:false,&quot;nav&quot;:false,&quot;dots&quot;:true,&quot;autoplay&quot;:false},&quot;992&quot;:{&quot;items&quot;:3,&quot;margin&quot;:0,&quot;loop&quot;:false,&quot;nav&quot;:false,&quot;dots&quot;:true,&quot;autoplay&quot;:false},&quot;1200&quot;:{&quot;items&quot;:4,&quot;margin&quot;:0,&quot;loop&quot;:false,&quot;nav&quot;:false,&quot;dots&quot;:true,&quot;autoplay&quot;:false}},&quot;stagePadding&quot;:0,&quot;center&quot;:false,&quot;animateIn&quot;:false,&quot;animateOut&quot;:false,&quot;mouseDrag&quot;:true,&quot;touchDrag&quot;:true,&quot;navText&quot;:[&quot;&lt;span aria-label=\\&quot;Previous\\&quot;&gt;\\u2039&lt;\\\/span&gt;&quot;,&quot;&lt;span aria-label=\\&quot;Next\\&quot;&gt;\\u203a&lt;\\\/span&gt;&quot;]}\">\n\t\t\t<div class=\"item\">\n\t\t\t<div class=\"card\">\n\t\t\t\t\n\t\t\t\t<div class=\"card-img\" style=\"background-image:url('https:\/\/wfg-kreis-viersen.de\/wp-content\/uploads\/2022\/01\/wfg_Brigitte-Odinius_2024_350x350px.jpg');\"><\/div>\n\t\t\t\t<div class=\"card-body\">\n\t\t\t\t\t<h5 class=\"card-title mb-0\">Brigitte Odinius<\/h5>\n\t\t\t\t\t<div class=\"position mb-3\">Project Manager \u2022 Tourism<\/div><div class=\"telefon\"><i class=\"fas fa-phone-alt\"><\/i> <a href=\"tel:49021628179300\">+49 (0)2162 \u2013 8179-300<\/a><\/div>\t\t\t\t<\/div>\n\t\t\t\t<div class=\"card-footer\">\n\t\t\t\t<div class=\"social-media button-filled\"><a href=\"mailto:brigitte.odinius@wfg-kreis-viersen.de\"><i class=\"fas fa-envelope\"><\/i><\/a><\/div>\t\t\t\t<\/div>\n\n\t\t\t<\/div>\n\t\t<\/div>\n\t<\/div><style>\/* team-carousel-standard-1 *\/\n\n@media (min-width: 768px) {\n.team-carousel-standard-1 .owl-stage-outer{\n    display: flex;\n    justify-content: center;\n}\n\n.team-carousel-standard-1 .owl-stage-outer .owl-item,\n.team-carousel-standard-1 .owl-stage-outer .item{\n    height: 100%;\n}\n}\n\n.team-carousel-standard-1 .card{\n    border: 0;\n    text-align: center;\n    height: 100%;\n    flex: 1 0 0%;\n    background-color: transparent;\n}\n\n.team-carousel-standard-1 .card h5{\n    text-transform: none;\n    color: unset;\n}\n\n.team-carousel-standard-1 .card .card-img{\n    height: 150px;\n    background-position: center;\n    background-repeat: no-repeat;\n    background-size: cover;\n    border-radius: 100%;\n    width: 150px;\n    margin: 0 auto;\n}\n\n.team-carousel-standard-1 .card a{\n    color: #212529;\n}\n\n.team-carousel-standard-1 .card .button-filled > a {\n    padding: 5px 10px !important;\n    margin-right: 2px;\n    display: inline-block;\n}\n\n.team-carousel-standard-1 .card .button-filled > a:hover {\n    padding: 5px 10px !important;\n}\n\n.team-carousel-standard-1 .card .card-footer{\n    background-color: unset;\n    border-top: 0;\n    padding-top: 0;\n}<\/style>[vc_column_text]<div class=\"private:-kontakt-icons\"><p>[vc_row disable_element=&#8221;yes&#8221; el_class=&#8221;kontakt-icons&#8221;][vc_column width=&#8221;1\/3&#8243;][\/vc_column][vc_column width=&#8221;1\/3&#8243;][\/vc_column][vc_column width=&#8221;1\/3&#8243;][\/vc_column][\/vc_row][vc_row][vc_column width=&#8221;1\/12&#8243; offset=&#8221;vc_hidden-sm vc_hidden-xs&#8221;][\/vc_column][vc_column offset=&#8221;vc_col-md-10&#8243;][vc_row_inner el_class=&#8221;kontakt-icons&#8221;][vc_column_inner width=&#8221;1\/3&#8243; offset=&#8221;vc_col-xs-6&#8243;][vc_column_text el_class=&#8221;kontakt-icon kontakt-icon-medien&#8221;]<a class=\"stretched-link\" href=\"\/medien\/\">Medien<\/a>[\/vc_column_text][\/vc_column_inner][vc_column_inner width=&#8221;1\/3&#8243; offset=&#8221;vc_col-xs-6&#8243;][vc_column_text el_class=&#8221;kontakt-icon kontakt-icon-formular&#8221;]<a class=\"stretched-link\" href=\"\/kontakt\/\"><span class=\"d-none d-md-inline\">Schreiben Sie uns<\/span><span class=\"d-md-none\">Kontakt<\/span><\/a>[\/vc_column_text][\/vc_column_inner][vc_column_inner width=&#8221;1\/3&#8243; offset=&#8221;vc_col-xs-12&#8243;][vc_column_text el_class=&#8221;kontakt-icon kontakt-icon-telefon&#8221;]<a class=\"stretched-link\" href=\"tel:+492162817901\"><span class=\"d-none d-lg-inline\">Telefon:<\/span><span class=\"d-lg-none\">Tel.<\/span> (0)2162 \u2013 8179-01<\/a>[\/vc_column_text][\/vc_column_inner][\/vc_row_inner][\/vc_column][vc_column width=&#8221;1\/12&#8243; offset=&#8221;vc_hidden-sm vc_hidden-xs&#8221;][\/vc_column][\/vc_row]<\/p>\n<\/div>[\/vc_column_text][\/vc_column][\/vc_row]<\/p>\n","protected":false},"excerpt":{"rendered":"<p>[vc_row css=&#8221;.vc_custom_1644420431036{margin-bottom: 120px !important;}&#8221;][vc_column offset=&#8221;vc_col-lg-8 vc_col-md-10&#8243;][vc_column_text] Tourism Future-proof tourism region [\/vc_column_text][vc_column_text css=&#8221;.vc_custom_1648731783216{margin-bottom: 15px !important;padding-top: 0px !important;}&#8221;]Tourism plays an important role for business in Kreis Viersen. As such, stimulating and developing the tourism sector is one of our most important tasks. [\/vc_column_text][vc_column_text css=&#8221;.vc_custom_1648731788953{margin-bottom: 15px !important;padding-top: 0px !important;}&#8221;]The Schwalm-Nette Nature Park makes Kreis Viersen an important part [&hellip;]<\/p>\n","protected":false},"author":1,"featured_media":20335,"parent":0,"menu_order":0,"comment_status":"closed","ping_status":"closed","template":"","meta":{"inline_featured_image":false,"footnotes":""},"_links":{"self":[{"href":"https:\/\/wfg-kreis-viersen.de\/en\/wp-json\/wp\/v2\/pages\/20398"}],"collection":[{"href":"https:\/\/wfg-kreis-viersen.de\/en\/wp-json\/wp\/v2\/pages"}],"about":[{"href":"https:\/\/wfg-kreis-viersen.de\/en\/wp-json\/wp\/v2\/types\/page"}],"author":[{"embeddable":true,"href":"https:\/\/wfg-kreis-viersen.de\/en\/wp-json\/wp\/v2\/users\/1"}],"replies":[{"embeddable":true,"href":"https:\/\/wfg-kreis-viersen.de\/en\/wp-json\/wp\/v2\/comments?post=20398"}],"version-history":[{"count":6,"href":"https:\/\/wfg-kreis-viersen.de\/en\/wp-json\/wp\/v2\/pages\/20398\/revisions"}],"predecessor-version":[{"id":21101,"href":"https:\/\/wfg-kreis-viersen.de\/en\/wp-json\/wp\/v2\/pages\/20398\/revisions\/21101"}],"wp:featuredmedia":[{"embeddable":true,"href":"https:\/\/wfg-kreis-viersen.de\/en\/wp-json\/wp\/v2\/media\/20335"}],"wp:attachment":[{"href":"https:\/\/wfg-kreis-viersen.de\/en\/wp-json\/wp\/v2\/media?parent=20398"}],"curies":[{"name":"wp","href":"https:\/\/api.w.org\/{rel}","templated":true}]}}