{"id":20428,"date":"2022-01-26T18:23:21","date_gmt":"2022-01-26T17:23:21","guid":{"rendered":"https:\/\/dev2.wfg-kreis-viersen.de\/branchenschwerpunkte\/"},"modified":"2022-03-31T13:51:15","modified_gmt":"2022-03-31T11:51:15","slug":"key-industries","status":"publish","type":"page","link":"https:\/\/wfg-kreis-viersen.de\/en\/key-industries\/","title":{"rendered":"Key industries"},"content":{"rendered":"<p>[vc_row css=&#8221;.vc_custom_1644392584085{margin-bottom: 120px !important;}&#8221;][vc_column offset=&#8221;vc_col-lg-8 vc_col-md-10&#8243;][vc_column_text]<\/p>\n<h1>Key industries<\/h1>\n<h2>Strong location with a healthy mix of industries<\/h2>\n<p>[\/vc_column_text][vc_column_text]<strong>Kreis Viersen is a strong location for business and industry near D\u00fcsseldorf, the capital of North Rhine-Westphalia. The region is characterised by a strong and healthy branch mix of small to medium-sized companies. <\/strong>[\/vc_column_text][vc_column_text]The service sector accounts for the most jobs, followed by manufacturing, trade, hospitality and transport. The food and beverage industry is one of the strongest sectors. The gross domestic product per head of the working population in Kreis Viersen amounts to more than EUR 66,000 per year. The average private disposable income is around EUR 23,200 per capita per year.[\/vc_column_text][\/vc_column][vc_column width=&#8221;1\/3&#8243;][\/vc_column][\/vc_row][vc_row full_width=&#8221;stretch_row&#8221; css=&#8221;.vc_custom_1644997539478{margin-bottom: 0px !important;}&#8221; el_class=&#8221;diagonal-grau&#8221;][vc_column][vc_row_inner equal_height=&#8221;yes&#8221;][vc_column_inner width=&#8221;2\/3&#8243; offset=&#8221;vc_col-md-offset-0 vc_col-md-5 vc_col-sm-offset-2&#8243;][vc_column_text]<div id=\"m-chart-container-20582-1\" class=\"m-chart-container chartjs\">\n\t<canvas id=\"m-chart-20582-1\" class=\"m-chart\" height=\"550\" aria-label=\"\" role=\"img\" style=\"height: 550px;\"><\/canvas>\n<\/div>\n<script type=\"text\/javascript\">\n\tvar m_chart_container_20582_1_canvas = document.getElementById( 'm-chart-20582-1' ).getContext('2d');\n\n\tvar m_chart_chartjs_20582_1 = {\n\t\tchart_args: {\"type\":\"doughnut\",\"options\":{\"plugins\":{\"title\":{\"display\":true,\"text\":\"\",\"font\":{\"size\":21,\"weight\":\"normal\"},\"padding\":{\"bottom\":15}},\"legend\":{\"display\":false,\"position\":\"bottom\",\"labels\":{\"font\":{\"weight\":\"bold\"},\"usePointStyle\":true}},\"tooltip\":{\"enabled\":true},\"datalabels\":{\"display\":false}},\"elements\":{\"point\":{\"hoverRadius\":7,\"hitRadius\":13}},\"responsive\":true,\"maintainAspectRatio\":false,\"locale\":\"de\"},\"data\":{\"labels\":[\"Land- en bosbouw, visserij\",\"Producerende industrie (exclusief bouwsector)\",\"Bouwsector\",\"Handel, vervoer en opslag, horeca, informatie en communicatie\",\"Financi\\u00eble dienstverleners, verzekeringsmaatschappijen, vastgoed- en huisvestingssector\",\"Openbare en overige dienstverlening, kinderopvang en pedagogisch werk, gezondheid\"],\"datasets\":[{\"data\":[3400,23000,8900,41100,19900,39900],\"backgroundColor\":[\"#7d878c\",\"#0077be\",\"#00385D\",\"#005F98\",\"#7d878c\",\"#0077be\"]}]},\"value_prefix\":\"\",\"value_suffix\":\"\",\"locale\":\"de\",\"labels_pos\":\"first_column\"},\n\t\tpost_id: 20582,\n\t\tinstance: 1,\n\t\trender_1: true\n\t};\n\n\t\n\t(function( $ ) {\n\t\tm_chart_chartjs_20582_1.render_chart = function() {\n\t\t\t$( '.m-chart' ).trigger({\n\t\t\t\ttype:     'render_start',\n\t\t\t\tpost_id:  this.post_id,\n\t\t\t\tinstance: this.instance\n\t\t\t});\n\t\t\t\n\t\t\tvar target = this.chart_args.options.animation;\n            \n\t\t\tvar source = {\n\t\t\t\tonComplete: function() {\n\t\t\t\t\t\/\/ This deals with an issue in Chart.js 3.1.0 where onComplete can run too many times\n\t\t\t\t\t\/\/ We only want to trigger on the first render anyway so we'll just check\n\t\t\t\t\tif ( false === m_chart_chartjs_20582_1.render_1 ) {\n\t\t\t\t\t\treturn;\n\t\t\t\t\t}\n\n\t\t\t\t\tm_chart_chartjs_20582_1.render_1 = false;\n\n\t\t\t\t\t$( '.m-chart' ).trigger({\n\t\t\t\t\t\ttype:     'render_done',\n\t\t\t\t\t\tpost_id:  m_chart_chartjs_20582_1.post_id,\n\t\t\t\t\t\tinstance: m_chart_chartjs_20582_1.instance\n\t\t\t\t\t});\n\t\t\t\t}\n\t\t\t}\n           \n\t\t\tif ( ! target ) {\n\t\t\t\tsource = {animation: source};\n\t\t\t\ttarget = this.chart_args.options;\n\t\t\t}\n\t\t\t\n\t\t\tObject.assign( target, source );\n\n\t\t\tChart.register( ChartDataLabels );\n\n\t\t\tthis.chart = new Chart(\n\t\t\t\tm_chart_container_20582_1_canvas,\n\t\t\t\tthis.chart_args\n\t\t\t);\n\t\t};\n\n\t\t$( function() {\n\t\t\t$.when( m_chart_chartjs_helpers.init() ).done(function() {\n\t\t\t\tm_chart_chartjs_20582_1.render_chart();\n\t\t\t});\n\t\t} );\n\t})( jQuery );\n<\/script>\n[\/vc_column_text][\/vc_column_inner][vc_column_inner offset=&#8221;vc_col-md-7&#8243;][vc_column_text]<strong>Number of workers per economic sector in Kreis Viersen<\/strong><\/p>\n<p>\n<table id=\"tablepress-2\" class=\"tablepress tablepress-id-2\">\n<tbody class=\"row-hover\">\n<tr class=\"row-1\">\n\t<td class=\"column-1\">Agriculture and forestry, fishing <\/td><td class=\"column-2\">3.400<\/td>\n<\/tr>\n<tr class=\"row-2\">\n\t<td class=\"column-1\">Manufacturing industry (not including construction) <\/td><td class=\"column-2\">23.000<\/td>\n<\/tr>\n<tr class=\"row-3\">\n\t<td class=\"column-1\">Construction<\/td><td class=\"column-2\">8.900<\/td>\n<\/tr>\n<tr class=\"row-4\">\n\t<td class=\"column-1\">Trade, transport and storage, hotels and restaurants, information and communication <\/td><td class=\"column-2\">41.100<\/td>\n<\/tr>\n<tr class=\"row-5\">\n\t<td class=\"column-1\">Financial service providers, insurance companies, real estate and housing sector <\/td><td class=\"column-2\">19.900<\/td>\n<\/tr>\n<tr class=\"row-6\">\n\t<td class=\"column-1\">Public and other services, childcare and education, health<\/td><td class=\"column-2\">39.900<\/td>\n<\/tr>\n<\/tbody>\n<\/table>\n[\/vc_column_text][vc_column_text css=&#8221;.vc_custom_1648725766694{margin-bottom: 10px !important;}&#8221;]The labour force includes everyone employed (salaried employees, civil servants, so-called &#8220;geringf\u00fcgig Besch\u00e4ftigte&#8221;, military personnel), self-employed or assisting family members in gainful activity. The classification of the labour force is independent of the effective or contractual working hours. People with multiple simultaneous employment relationships are only registered once with their main employment relationship.[\/vc_column_text][vc_column_text el_class=&#8221;small&#8221;]Quelle: <a href=\"https:\/\/www.kreis-viersen.de\/sites\/default\/files\/dokumente\/kreismonitoring_2021.pdf\" target=\"_blank\" rel=\"noopener\">Kreis Monitoring 2021<\/a>[\/vc_column_text][\/vc_column_inner][\/vc_row_inner][\/vc_column][\/vc_row][vc_row full_width=&#8221;stretch_row&#8221; disable_element=&#8221;yes&#8221; el_class=&#8221;diagonal-grau mehr-wissen&#8221; css=&#8221;.vc_custom_1644096199288{margin-bottom: 120px !important;}&#8221;][vc_column][vc_column_text css=&#8221;.vc_custom_1643980146731{margin-bottom: 60px !important;}&#8221;]<\/p>\n<h2 style=\"text-align: center;\">Mehr Wissen in Weniger Zeit<\/h2>\n<p>[\/vc_column_text][\/vc_column][vc_column offset=&#8221;vc_col-md-4&#8243;][vc_row_inner][vc_column_inner width=&#8221;1\/4&#8243; offset=&#8221;vc_col-md-12&#8243;][vc_single_image image=&#8221;18798&#8243; img_size=&#8221;full&#8221; el_class=&#8221;injectable text-md-center&#8221; css=&#8221;.vc_custom_1643980203587{margin-bottom: 0px !important;}&#8221;][\/vc_column_inner][vc_column_inner width=&#8221;3\/4&#8243; offset=&#8221;vc_col-md-12&#8243;][vc_column_text el_class=&#8221;text-lg-center&#8221;]<\/p>\n<h3>Impulsgeber<\/h3>\n<p>Wir sind f\u00fcr den Kreis Viersen und seine Kommunen Impulsgeber und kompetenter Ansprechpartner in allen touristischen Fragen. Als Gesellschafter der regionalen Destinationsmarketingorganisation (DMO), Niederrhein Tourismus GmbH erfolgt unsere Tourismusf\u00f6rderung und -koordinierung im Kreis Viersen im Rahmen der regionalen Tourismusstrategie von Niederrhein Tourismus und beteiligen uns am \u00fcberregionalen Marketing der Niederrhein Tourismus GmbH.[\/vc_column_text][\/vc_column_inner][\/vc_row_inner][\/vc_column][vc_column offset=&#8221;vc_col-md-4&#8243;][vc_row_inner][vc_column_inner width=&#8221;1\/4&#8243; offset=&#8221;vc_col-md-12&#8243;][vc_single_image image=&#8221;18798&#8243; img_size=&#8221;full&#8221; el_class=&#8221;injectable text-md-center&#8221; css=&#8221;.vc_custom_1643980203587{margin-bottom: 0px !important;}&#8221;][\/vc_column_inner][vc_column_inner width=&#8221;3\/4&#8243; offset=&#8221;vc_col-md-12&#8243;][vc_column_text el_class=&#8221;text-lg-center&#8221;]<\/p>\n<h3>Qualit\u00e4tsmanagement<\/h3>\n<p>Wir f\u00fchren Klassifizierungen von Ferienwohnungen und Hotels durch und unterst\u00fctzen damit das touristische Qualit\u00e4tsmanagement in den Kommunen des Kreises Viersen. Damit tragen wir zu einer F\u00f6rderung und Weiterentwicklung der Tourismuswirtschaft und zur Zukunftsf\u00e4higkeit unserer Tourismusregion bei.[\/vc_column_text][\/vc_column_inner][\/vc_row_inner][\/vc_column][vc_column offset=&#8221;vc_col-md-4&#8243;][vc_row_inner][vc_column_inner width=&#8221;1\/4&#8243; offset=&#8221;vc_col-md-12&#8243;][vc_single_image image=&#8221;18798&#8243; img_size=&#8221;full&#8221; el_class=&#8221;injectable text-md-center&#8221; css=&#8221;.vc_custom_1643980203587{margin-bottom: 0px !important;}&#8221;][\/vc_column_inner][vc_column_inner width=&#8221;3\/4&#8243; offset=&#8221;vc_col-md-12&#8243;][vc_column_text el_class=&#8221;text-lg-center&#8221;]<\/p>\n<h3>Netzwerke und Projekte<\/h3>\n<p>Wir sind Gesellschafter der Niederrhein Tourismus GmbH und vertreten dort die touristischen Interessen der Kommunen des Kreises Viersen. Wir engagieren uns in touristischen Netzwerken und Arbeitskreisen der Niederrhein Tourismus GmbH und repr\u00e4sentieren den Kreis und seine Kommunen auf regionalen und \u00fcberregionalen Messen gemeinsam mit Niederrhein Tourismus unter der Regionalmarke \u201eNiederrhein so gut- soweit\u201c. An Projekten etwa zu Digitalisierung und Daten Hub beteiligen wir uns im Sinne der Kommunen.[\/vc_column_text][\/vc_column_inner][\/vc_row_inner][\/vc_column][\/vc_row][vc_row disable_element=&#8221;yes&#8221; css=&#8221;.vc_custom_1644997424274{margin-bottom: 120px !important;}&#8221;][vc_column][vc_column_text]<\/p>\n<h2 style=\"text-align: center;\">Aktuelles &amp; Termine<\/h2>\n<p>[\/vc_column_text][vc_column_text][\/vc_column_text][\/vc_column][\/vc_row][vc_row full_width=&#8221;stretch_row&#8221; el_class=&#8221;diagonal-blau&#8221; css=&#8221;.vc_custom_1644997547417{margin-bottom: 120px !important;}&#8221;][vc_column][vc_column_text]<\/p>\n<h2 style=\"text-align: center;\">Ready for the future<\/h2>\n<p>[\/vc_column_text][vc_row_inner][vc_column_inner width=&#8221;2\/12&#8243;][\/vc_column_inner][vc_column_inner width=&#8221;8\/12&#8243;][vc_column_text]<\/p>\n<p style=\"text-align: center;\">Small and medium-sized enterprises are the driving force behind business in Kreis Viersen. The innovative and multimodal infrastructure makes Kreis Viersen an attractive location. The various economic sectors with many owner-managed businesses ensure a healthy mix of industries in Kreis Viersen.<\/p>\n<p>[\/vc_column_text][\/vc_column_inner][vc_column_inner width=&#8221;2\/12&#8243;][\/vc_column_inner][\/vc_row_inner][\/vc_column][\/vc_row][vc_row][vc_column][vc_column_text el_class=&#8221;h2-headline&#8221;]<\/p>\n<h2 style=\"text-align: center;\">If you still have questions,<\/h2>\n<p style=\"text-align: center;\">I am happy to help.<\/p>\n<p>[\/vc_column_text]<div class=\"owl-carousel owl-theme team-carousel-standard-1\" data-owl-carousel-options=\"{&quot;responsive&quot;:{&quot;0&quot;:{&quot;items&quot;:1,&quot;margin&quot;:0,&quot;loop&quot;:false,&quot;nav&quot;:false,&quot;dots&quot;:true,&quot;autoplay&quot;:false},&quot;576&quot;:{&quot;items&quot;:1,&quot;margin&quot;:0,&quot;loop&quot;:false,&quot;nav&quot;:false,&quot;dots&quot;:true,&quot;autoplay&quot;:false},&quot;768&quot;:{&quot;items&quot;:2,&quot;margin&quot;:0,&quot;loop&quot;:false,&quot;nav&quot;:false,&quot;dots&quot;:true,&quot;autoplay&quot;:false},&quot;992&quot;:{&quot;items&quot;:3,&quot;margin&quot;:0,&quot;loop&quot;:false,&quot;nav&quot;:false,&quot;dots&quot;:true,&quot;autoplay&quot;:false},&quot;1200&quot;:{&quot;items&quot;:4,&quot;margin&quot;:0,&quot;loop&quot;:false,&quot;nav&quot;:false,&quot;dots&quot;:true,&quot;autoplay&quot;:false}},&quot;stagePadding&quot;:0,&quot;center&quot;:false,&quot;animateIn&quot;:false,&quot;animateOut&quot;:false,&quot;mouseDrag&quot;:true,&quot;touchDrag&quot;:true,&quot;navText&quot;:[&quot;&lt;span aria-label=\\&quot;Previous\\&quot;&gt;\\u2039&lt;\\\/span&gt;&quot;,&quot;&lt;span aria-label=\\&quot;Next\\&quot;&gt;\\u203a&lt;\\\/span&gt;&quot;]}\">\n\t\t\t<div class=\"item\">\n\t\t\t<div class=\"card\">\n\t\t\t\t\n\t\t\t\t<div class=\"card-img\" style=\"background-image:url('https:\/\/wfg-kreis-viersen.de\/wp-content\/uploads\/2022\/01\/wfg_Axel-Schaefers_2024_350x350px.jpg');\"><\/div>\n\t\t\t\t<div class=\"card-body\">\n\t\t\t\t\t<h5 class=\"card-title mb-0\">Axel Schaefers<\/h5>\n\t\t\t\t\t<div class=\"position mb-3\">Project Manager \u2022 Commercial space and real estate<\/div><div class=\"telefon\"><i class=\"fas fa-phone-alt\"><\/i> <a href=\"tel:49021628179114\">+49 (0)2162 \u2013 8179-114<\/a><\/div>\t\t\t\t<\/div>\n\t\t\t\t<div class=\"card-footer\">\n\t\t\t\t<div class=\"social-media button-filled\"><a href=\"mailto:axel.schaefers@wfg-kreis-viersen.de\"><i class=\"fas fa-envelope\"><\/i><\/a><\/div>\t\t\t\t<\/div>\n\n\t\t\t<\/div>\n\t\t<\/div>\n\t<\/div><style>\/* team-carousel-standard-1 *\/\n\n@media (min-width: 768px) {\n.team-carousel-standard-1 .owl-stage-outer{\n    display: flex;\n    justify-content: center;\n}\n\n.team-carousel-standard-1 .owl-stage-outer .owl-item,\n.team-carousel-standard-1 .owl-stage-outer .item{\n    height: 100%;\n}\n}\n\n.team-carousel-standard-1 .card{\n    border: 0;\n    text-align: center;\n    height: 100%;\n    flex: 1 0 0%;\n    background-color: transparent;\n}\n\n.team-carousel-standard-1 .card h5{\n    text-transform: none;\n    color: unset;\n}\n\n.team-carousel-standard-1 .card .card-img{\n    height: 150px;\n    background-position: center;\n    background-repeat: no-repeat;\n    background-size: cover;\n    border-radius: 100%;\n    width: 150px;\n    margin: 0 auto;\n}\n\n.team-carousel-standard-1 .card a{\n    color: #212529;\n}\n\n.team-carousel-standard-1 .card .button-filled > a {\n    padding: 5px 10px !important;\n    margin-right: 2px;\n    display: inline-block;\n}\n\n.team-carousel-standard-1 .card .button-filled > a:hover {\n    padding: 5px 10px !important;\n}\n\n.team-carousel-standard-1 .card .card-footer{\n    background-color: unset;\n    border-top: 0;\n    padding-top: 0;\n}<\/style>[vc_column_text]<div class=\"private:-kontakt-icons\"><p>[vc_row disable_element=&#8221;yes&#8221; el_class=&#8221;kontakt-icons&#8221;][vc_column width=&#8221;1\/3&#8243;][\/vc_column][vc_column width=&#8221;1\/3&#8243;][\/vc_column][vc_column width=&#8221;1\/3&#8243;][\/vc_column][\/vc_row][vc_row][vc_column width=&#8221;1\/12&#8243; offset=&#8221;vc_hidden-sm vc_hidden-xs&#8221;][\/vc_column][vc_column offset=&#8221;vc_col-md-10&#8243;][vc_row_inner el_class=&#8221;kontakt-icons&#8221;][vc_column_inner width=&#8221;1\/3&#8243; offset=&#8221;vc_col-xs-6&#8243;][vc_column_text el_class=&#8221;kontakt-icon kontakt-icon-medien&#8221;]<a class=\"stretched-link\" href=\"\/medien\/\">Medien<\/a>[\/vc_column_text][\/vc_column_inner][vc_column_inner width=&#8221;1\/3&#8243; offset=&#8221;vc_col-xs-6&#8243;][vc_column_text el_class=&#8221;kontakt-icon kontakt-icon-formular&#8221;]<a class=\"stretched-link\" href=\"\/kontakt\/\"><span class=\"d-none d-md-inline\">Schreiben Sie uns<\/span><span class=\"d-md-none\">Kontakt<\/span><\/a>[\/vc_column_text][\/vc_column_inner][vc_column_inner width=&#8221;1\/3&#8243; offset=&#8221;vc_col-xs-12&#8243;][vc_column_text el_class=&#8221;kontakt-icon kontakt-icon-telefon&#8221;]<a class=\"stretched-link\" href=\"tel:+492162817901\"><span class=\"d-none d-lg-inline\">Telefon:<\/span><span class=\"d-lg-none\">Tel.<\/span> (0)2162 \u2013 8179-01<\/a>[\/vc_column_text][\/vc_column_inner][\/vc_row_inner][\/vc_column][vc_column width=&#8221;1\/12&#8243; offset=&#8221;vc_hidden-sm vc_hidden-xs&#8221;][\/vc_column][\/vc_row]<\/p>\n<\/div>[\/vc_column_text][\/vc_column][\/vc_row]<\/p>\n","protected":false},"excerpt":{"rendered":"<p>[vc_row css=&#8221;.vc_custom_1644392584085{margin-bottom: 120px !important;}&#8221;][vc_column offset=&#8221;vc_col-lg-8 vc_col-md-10&#8243;][vc_column_text] Key industries Strong location with a healthy mix of industries [\/vc_column_text][vc_column_text]Kreis Viersen is a strong location for business and industry near D\u00fcsseldorf, the capital of North Rhine-Westphalia. The region is characterised by a strong and healthy branch mix of small to medium-sized companies. [\/vc_column_text][vc_column_text]The service sector accounts for the [&hellip;]<\/p>\n","protected":false},"author":1,"featured_media":19833,"parent":0,"menu_order":0,"comment_status":"closed","ping_status":"closed","template":"","meta":{"inline_featured_image":false,"footnotes":""},"_links":{"self":[{"href":"https:\/\/wfg-kreis-viersen.de\/en\/wp-json\/wp\/v2\/pages\/20428"}],"collection":[{"href":"https:\/\/wfg-kreis-viersen.de\/en\/wp-json\/wp\/v2\/pages"}],"about":[{"href":"https:\/\/wfg-kreis-viersen.de\/en\/wp-json\/wp\/v2\/types\/page"}],"author":[{"embeddable":true,"href":"https:\/\/wfg-kreis-viersen.de\/en\/wp-json\/wp\/v2\/users\/1"}],"replies":[{"embeddable":true,"href":"https:\/\/wfg-kreis-viersen.de\/en\/wp-json\/wp\/v2\/comments?post=20428"}],"version-history":[{"count":7,"href":"https:\/\/wfg-kreis-viersen.de\/en\/wp-json\/wp\/v2\/pages\/20428\/revisions"}],"predecessor-version":[{"id":20615,"href":"https:\/\/wfg-kreis-viersen.de\/en\/wp-json\/wp\/v2\/pages\/20428\/revisions\/20615"}],"wp:featuredmedia":[{"embeddable":true,"href":"https:\/\/wfg-kreis-viersen.de\/en\/wp-json\/wp\/v2\/media\/19833"}],"wp:attachment":[{"href":"https:\/\/wfg-kreis-viersen.de\/en\/wp-json\/wp\/v2\/media?parent=20428"}],"curies":[{"name":"wp","href":"https:\/\/api.w.org\/{rel}","templated":true}]}}