{"id":20595,"date":"2022-01-25T15:20:57","date_gmt":"2022-01-25T14:20:57","guid":{"rendered":"https:\/\/dev2.wfg-kreis-viersen.de\/specialist-staff-young-talent\/nachwuchs-ueberzeugen\/"},"modified":"2022-11-07T17:03:59","modified_gmt":"2022-11-07T16:03:59","slug":"attracting-young-talent-to-your-company","status":"publish","type":"page","link":"https:\/\/wfg-kreis-viersen.de\/en\/specialist-staff-young-talent\/attracting-young-talent-to-your-company\/","title":{"rendered":"Attracting young talent to your company"},"content":{"rendered":"<p>[vc_row css=&#8221;.vc_custom_1644392584085{margin-bottom: 120px !important;}&#8221;][vc_column offset=&#8221;vc_col-lg-8 vc_col-md-10&#8243;][vc_column_text]<\/p>\n<h1>Attracting young talent to your company<\/h1>\n<h2>Stellen Sie sich auf die neue Generation ein<\/h2>\n<p>[\/vc_column_text][vc_column_text css=&#8221;.vc_custom_1647247671369{margin-bottom: 15px !important;padding-top: 0px !important;}&#8221;]<strong>Unternehmen m\u00fcssen sich fr\u00fchzeitig um den Nachwuchs k\u00fcmmern. Dazu m\u00fcssen Sie wissen, was junge Menschen bewegt und wie sie \u201eticken\u201c. <\/strong><\/p>\n<p>Eine zielgruppengenaue Ansprache ist heutzutage essentiell. Zu wissen, dass die h\u00f6chste Priorit\u00e4t der neuen Generation auf der Sicherheit des Arbeitsplatzes und einer Sinnhaftigkeit der T\u00e4tigkeit liegt, verschafft schon in der Stellenausschreibung einen Vorteil, wenn Sie explizit darauf hinweisen. Aber was m\u00fcssen Unternehmen noch tun um von der neuen Generation \u00fcberhaupt wahrgenommen zu werden?[\/vc_column_text][\/vc_column][vc_column width=&#8221;1\/3&#8243;][\/vc_column][\/vc_row][vc_row full_width=&#8221;stretch_row&#8221; el_class=&#8221;diagonal-grau mehr-wissen&#8221; css=&#8221;.vc_custom_1644841438598{margin-bottom: 0px !important;}&#8221;][vc_column][vc_column_text css=&#8221;.vc_custom_1648726509097{margin-bottom: 60px !important;}&#8221;]<\/p>\n<h2 style=\"text-align: center;\">More knowledge in a shorter time frame<\/h2>\n<p>[\/vc_column_text][\/vc_column][vc_column offset=&#8221;vc_col-md-4&#8243;][vc_row_inner][vc_column_inner width=&#8221;1\/4&#8243; offset=&#8221;vc_col-md-12&#8243;][vc_single_image image=&#8221;19311&#8243; img_size=&#8221;full&#8221; el_class=&#8221;injectable text-md-center&#8221; css=&#8221;.vc_custom_1644400133859{margin-bottom: 0px !important;}&#8221;][\/vc_column_inner][vc_column_inner width=&#8221;3\/4&#8243; offset=&#8221;vc_col-md-12&#8243;][vc_column_text el_class=&#8221;text-lg-center&#8221;]<\/p>\n<h3>Join our networks<\/h3>\n<p>Make your company known to students and their parents. Maintain personal contact with schools, offer internships or organise a meeting. Important: stay in touch![\/vc_column_text][\/vc_column_inner][\/vc_row_inner][\/vc_column][vc_column offset=&#8221;vc_col-md-4&#8243;][vc_row_inner][vc_column_inner width=&#8221;1\/4&#8243; offset=&#8221;vc_col-md-12&#8243;][vc_single_image image=&#8221;19333&#8243; img_size=&#8221;full&#8221; el_class=&#8221;injectable text-md-center&#8221; css=&#8221;.vc_custom_1644400198522{margin-bottom: 0px !important;}&#8221;][\/vc_column_inner][vc_column_inner width=&#8221;3\/4&#8243; offset=&#8221;vc_col-md-12&#8243;][vc_column_text el_class=&#8221;text-lg-center&#8221;]<\/p>\n<h3>Be findable<\/h3>\n<p>Make sure you can be found where the young people are: online! Have a good career website. Present yourself authentically on social media channels such as Instagram, YouTube and TikTok. Have employees from your company explain their training and work in a video.[\/vc_column_text][\/vc_column_inner][\/vc_row_inner][\/vc_column][vc_column offset=&#8221;vc_col-md-4&#8243;][vc_row_inner][vc_column_inner width=&#8221;1\/4&#8243; offset=&#8221;vc_col-md-12&#8243;][vc_single_image image=&#8221;19336&#8243; img_size=&#8221;full&#8221; el_class=&#8221;injectable text-md-center&#8221; css=&#8221;.vc_custom_1644400284689{margin-bottom: 0px !important;}&#8221;][\/vc_column_inner][vc_column_inner width=&#8221;3\/4&#8243; offset=&#8221;vc_col-md-12&#8243;][vc_column_text el_class=&#8221;text-lg-center&#8221;]<\/p>\n<h3>Keep it as simple as possible<\/h3>\n<p>Make the application process as simple as possible; ensure personal, direct contact, such as via WhatsApp. The number of job applications will increase if the application process is easily accessible.[\/vc_column_text][\/vc_column_inner][\/vc_row_inner][\/vc_column][\/vc_row][vc_row full_width=&#8221;stretch_row&#8221; css=&#8221;.vc_custom_1645534516480{margin-bottom: 0px !important;}&#8221; el_class=&#8221;diagonal-blau&#8221;][vc_column][vc_column_text css=&#8221;.vc_custom_1648726553494{margin-bottom: 30px !important;}&#8221;]<\/p>\n<h2 style=\"text-align: center;\">Initiatives &amp; projects<\/h2>\n<p>[\/vc_column_text][vc_row_inner equal_height=&#8221;yes&#8221;][vc_column_inner offset=&#8221;vc_col-md-4&#8243;][vc_hoverbox image=&#8221;19571&#8243; primary_title=&#8221;TOP-Arbeitgeber&#8221; hover_title=&#8221;&#8221; shape=&#8221;square&#8221; hover_btn_title=&#8221;weiter&#8221; hover_add_button=&#8221;true&#8221; el_class=&#8221;flip-card flip-card-logo&#8221; hover_btn_link=&#8221;url:%2Ftop-arbeitgeber&#8221; hover_btn_el_class=&#8221;button-filled&#8221;]<\/p>\n<h3>TOP-Arbeitgeber<\/h3>\n<p>The &#8220;TOP-Arbeitgeber&#8221; initiative highlights employers with a clear career page. We will help you set up the page and provide tips on improving your performance and convincing applicants of your qualities as an employer.[\/vc_hoverbox][\/vc_column_inner][vc_column_inner offset=&#8221;vc_col-md-4&#8243;][vc_hoverbox image=&#8221;18284&#8243; primary_title=&#8221;ZDI (Zukunft durch Innovation)&#8221; hover_title=&#8221;&#8221; hover_align=&#8221;left&#8221; shape=&#8221;square&#8221; hover_btn_title=&#8221;weiter&#8221; hover_add_button=&#8221;true&#8221; el_class=&#8221;flip-card flip-card-logo&#8221; hover_btn_el_class=&#8221;button-filled&#8221; hover_btn_link=&#8221;url:https%3A%2F%2Fwww.zdi-portal.de%2F|target:_blank&#8221;]<\/p>\n<h3><strong>ZDI (Zukunft durch Innovation)<\/strong><\/h3>\n<p>The Kreis Viersen zdi-Netzwerk consists of the WFG and Kreis Viersen, the town of Nettetal, the North Rhine-Westphalian Ministry of Science, the Federal Employment Agency and various associations, educational institutions, schools and companies. The network strengthens career and study orientation in mathematics, computer science, natural sciences and engineering.[\/vc_hoverbox][\/vc_column_inner][vc_column_inner offset=&#8221;vc_col-md-4&#8243;][vc_hoverbox image=&#8221;18281&#8243; primary_title=&#8221;Check In Berufswelt&#8221; hover_title=&#8221;&#8221; shape=&#8221;square&#8221; hover_btn_title=&#8221;weiter&#8221; hover_add_button=&#8221;true&#8221; el_class=&#8221;flip-card flip-card-logo&#8221; hover_btn_link=&#8221;url:https%3A%2F%2Fwww.checkin-berufswelt.net%2F|target:_blank&#8221; hover_btn_el_class=&#8221;button-filled&#8221;]<\/p>\n<h3>Check In Berufswelt<\/h3>\n<p>This annual initiative\u2014a collaboration between education and the business community\u2014aims to introduce students from grades 3\u20136 to various career options. The participating companies open their doors and inform the students about their internship opportunities and training, helping them get acquainted with professions, companies and dual education.[\/vc_hoverbox][\/vc_column_inner][vc_column_inner offset=&#8221;vc_col-md-4&#8243;][vc_hoverbox image=&#8221;20073&#8243; primary_title=&#8221;MINTinMIND&#8221; hover_title=&#8221;&#8221; shape=&#8221;square&#8221; hover_btn_title=&#8221;weiter&#8221; hover_add_button=&#8221;true&#8221; el_class=&#8221;flip-card flip-card-logo&#8221; hover_btn_link=&#8221;url:https%3A%2F%2Fwww.mint-in-mind.de%2F|target:_blank&#8221; hover_btn_el_class=&#8221;button-filled&#8221;]<\/p>\n<h3>MINTinMIND<\/h3>\n<p>WFG Kreis Viersen is part of the NRW network aimed at promoting technology and natural sciences. The network organises informative courses and exciting experiments that introduce students to these fields of study.[\/vc_hoverbox][\/vc_column_inner][vc_column_inner offset=&#8221;vc_col-md-4&#8243;][vc_hoverbox image=&#8221;20991&#8243; primary_title=&#8221;Pott &amp; Deckel&#8221; hover_title=&#8221;&#8221; shape=&#8221;square&#8221; hover_btn_title=&#8221;weiter&#8221; hover_add_button=&#8221;true&#8221; el_class=&#8221;flip-card flip-card-logo&#8221; hover_btn_link=&#8221;url:https%3A%2F%2Fwww.mint-in-mind.de%2F|target:_blank&#8221; hover_btn_el_class=&#8221;button-filled&#8221;]<\/p>\n<h3>Pott &amp; Deckel<\/h3>\n<p>\u201eAuf die Schnelle eine Stelle \u2013 hier finden Unternehmen aus dem Kreis Viersen und der Stadt Krefeld ihren Nachwuchs. Geben Sie interessierten Jugendlichen einen ersten Einblick in ihr Unternehmen und stellen Sie Ihre attraktiven Ausbildungsangebote vor.\u201c[\/vc_hoverbox][\/vc_column_inner][vc_column_inner offset=&#8221;vc_col-md-4&#8243;][vc_hoverbox image=&#8221;22463&#8243; primary_title=&#8221;baseL&#8221; hover_title=&#8221;&#8221; shape=&#8221;square&#8221; hover_btn_title=&#8221;weiter&#8221; hover_add_button=&#8221;true&#8221; el_class=&#8221;flip-card flip-card-logo&#8221; hover_btn_link=&#8221;url:https%3A%2F%2Fbase-l.de%20|target:_blank&#8221; hover_btn_el_class=&#8221;button-filled&#8221;]<\/p>\n<h3>baseL<\/h3>\n<p>baseL is a non-profit association with the aim of giving young people a career goal at an early stage through additional career orientation measures. With extensive offers and through personal coaching, we promote the successful search for a training place. Company coaches support cooperating companies in their training marketing.[\/vc_hoverbox][\/vc_column_inner][\/vc_row_inner][\/vc_column][\/vc_row][vc_row full_width=&#8221;stretch_row&#8221; el_class=&#8221;diagonal-grau&#8221; css=&#8221;.vc_custom_1643976168833{margin-bottom: 120px !important;}&#8221;][vc_column][vc_column_text]<\/p>\n<h2 style=\"text-align: center;\">Ready for the future<\/h2>\n<p>[\/vc_column_text][vc_row_inner][vc_column_inner width=&#8221;2\/12&#8243;][\/vc_column_inner][vc_column_inner width=&#8221;8\/12&#8243;][vc_column_text]<\/p>\n<p style=\"text-align: center;\">Think about tomorrow today, make plans with foresight and take the initiative. This allows you to determine the future of your business. For more information, contact us. We are happy to provide tailored advice.<\/p>\n<p>[\/vc_column_text][\/vc_column_inner][vc_column_inner width=&#8221;2\/12&#8243;][\/vc_column_inner][\/vc_row_inner][\/vc_column][\/vc_row][vc_row][vc_column][vc_column_text el_class=&#8221;h2-headline&#8221;]<\/p>\n<h2 style=\"text-align: center;\">If you still have questions,<\/h2>\n<p style=\"text-align: center;\">I am happy to help.<\/p>\n<p>[\/vc_column_text]<div class=\"owl-carousel owl-theme team-carousel-standard-1\" data-owl-carousel-options=\"{&quot;responsive&quot;:{&quot;0&quot;:{&quot;items&quot;:1,&quot;margin&quot;:0,&quot;loop&quot;:false,&quot;nav&quot;:false,&quot;dots&quot;:true,&quot;autoplay&quot;:false},&quot;576&quot;:{&quot;items&quot;:1,&quot;margin&quot;:0,&quot;loop&quot;:false,&quot;nav&quot;:false,&quot;dots&quot;:true,&quot;autoplay&quot;:false},&quot;768&quot;:{&quot;items&quot;:2,&quot;margin&quot;:0,&quot;loop&quot;:false,&quot;nav&quot;:false,&quot;dots&quot;:true,&quot;autoplay&quot;:false},&quot;992&quot;:{&quot;items&quot;:3,&quot;margin&quot;:0,&quot;loop&quot;:false,&quot;nav&quot;:false,&quot;dots&quot;:true,&quot;autoplay&quot;:false},&quot;1200&quot;:{&quot;items&quot;:4,&quot;margin&quot;:0,&quot;loop&quot;:false,&quot;nav&quot;:false,&quot;dots&quot;:true,&quot;autoplay&quot;:false}},&quot;stagePadding&quot;:0,&quot;center&quot;:false,&quot;animateIn&quot;:false,&quot;animateOut&quot;:false,&quot;mouseDrag&quot;:true,&quot;touchDrag&quot;:true,&quot;navText&quot;:[&quot;&lt;span aria-label=\\&quot;Previous\\&quot;&gt;\\u2039&lt;\\\/span&gt;&quot;,&quot;&lt;span aria-label=\\&quot;Next\\&quot;&gt;\\u203a&lt;\\\/span&gt;&quot;]}\">\n\t\t\t<div class=\"item\">\n\t\t\t<div class=\"card\">\n\t\t\t\t\n\t\t\t\t<div class=\"card-img\" style=\"background-image:url('https:\/\/wfg-kreis-viersen.de\/wp-content\/uploads\/2022\/01\/foto_anke_erhardt_250x250px.jpg');\"><\/div>\n\t\t\t\t<div class=\"card-body\">\n\t\t\t\t\t<h5 class=\"card-title mb-0\">Anke Erhardt<\/h5>\n\t\t\t\t\t<div class=\"position mb-3\">Project Manager<\/div><div class=\"telefon\"><i class=\"fas fa-phone-alt\"><\/i> <a href=\"tel:49021628179116\">+49 (0)2162 \u2013 8179-116<\/a><\/div>\t\t\t\t<\/div>\n\t\t\t\t<div class=\"card-footer\">\n\t\t\t\t<div class=\"social-media button-filled\"><a href=\"mailto:anke.erhardt@wfg-kreis-viersen.de\"><i class=\"fas fa-envelope\"><\/i><\/a><a href=\"https:\/\/de.linkedin.com\/in\/anke-erhardt-4088bb209\" target=\"_blank\"><i class=\"fab fa-linkedin-in\"><\/i><\/a><\/div>\t\t\t\t<\/div>\n\n\t\t\t<\/div>\n\t\t<\/div>\n\t<\/div><style>\/* team-carousel-standard-1 *\/\n\n@media (min-width: 768px) {\n.team-carousel-standard-1 .owl-stage-outer{\n    display: flex;\n    justify-content: center;\n}\n\n.team-carousel-standard-1 .owl-stage-outer .owl-item,\n.team-carousel-standard-1 .owl-stage-outer .item{\n    height: 100%;\n}\n}\n\n.team-carousel-standard-1 .card{\n    border: 0;\n    text-align: center;\n    height: 100%;\n    flex: 1 0 0%;\n    background-color: transparent;\n}\n\n.team-carousel-standard-1 .card h5{\n    text-transform: none;\n    color: unset;\n}\n\n.team-carousel-standard-1 .card .card-img{\n    height: 150px;\n    background-position: center;\n    background-repeat: no-repeat;\n    background-size: cover;\n    border-radius: 100%;\n    width: 150px;\n    margin: 0 auto;\n}\n\n.team-carousel-standard-1 .card a{\n    color: #212529;\n}\n\n.team-carousel-standard-1 .card .button-filled > a {\n    padding: 5px 10px !important;\n    margin-right: 2px;\n    display: inline-block;\n}\n\n.team-carousel-standard-1 .card .button-filled > a:hover {\n    padding: 5px 10px !important;\n}\n\n.team-carousel-standard-1 .card .card-footer{\n    background-color: unset;\n    border-top: 0;\n    padding-top: 0;\n}<\/style>[vc_column_text]<div class=\"private:-kontakt-icons\"><p>[vc_row disable_element=&#8221;yes&#8221; el_class=&#8221;kontakt-icons&#8221;][vc_column width=&#8221;1\/3&#8243;][\/vc_column][vc_column width=&#8221;1\/3&#8243;][\/vc_column][vc_column width=&#8221;1\/3&#8243;][\/vc_column][\/vc_row][vc_row][vc_column width=&#8221;1\/12&#8243; offset=&#8221;vc_hidden-sm vc_hidden-xs&#8221;][\/vc_column][vc_column offset=&#8221;vc_col-md-10&#8243;][vc_row_inner el_class=&#8221;kontakt-icons&#8221;][vc_column_inner width=&#8221;1\/3&#8243; offset=&#8221;vc_col-xs-6&#8243;][vc_column_text el_class=&#8221;kontakt-icon kontakt-icon-medien&#8221;]<a class=\"stretched-link\" href=\"\/medien\/\">Medien<\/a>[\/vc_column_text][\/vc_column_inner][vc_column_inner width=&#8221;1\/3&#8243; offset=&#8221;vc_col-xs-6&#8243;][vc_column_text el_class=&#8221;kontakt-icon kontakt-icon-formular&#8221;]<a class=\"stretched-link\" href=\"\/kontakt\/\"><span class=\"d-none d-md-inline\">Schreiben Sie uns<\/span><span class=\"d-md-none\">Kontakt<\/span><\/a>[\/vc_column_text][\/vc_column_inner][vc_column_inner width=&#8221;1\/3&#8243; offset=&#8221;vc_col-xs-12&#8243;][vc_column_text el_class=&#8221;kontakt-icon kontakt-icon-telefon&#8221;]<a class=\"stretched-link\" href=\"tel:+492162817901\"><span class=\"d-none d-lg-inline\">Telefon:<\/span><span class=\"d-lg-none\">Tel.<\/span> (0)2162 \u2013 8179-01<\/a>[\/vc_column_text][\/vc_column_inner][\/vc_row_inner][\/vc_column][vc_column width=&#8221;1\/12&#8243; offset=&#8221;vc_hidden-sm vc_hidden-xs&#8221;][\/vc_column][\/vc_row]<\/p>\n<\/div>[\/vc_column_text][\/vc_column][\/vc_row]<\/p>\n","protected":false},"excerpt":{"rendered":"<p>[vc_row css=&#8221;.vc_custom_1644392584085{margin-bottom: 120px !important;}&#8221;][vc_column offset=&#8221;vc_col-lg-8 vc_col-md-10&#8243;][vc_column_text] Attracting young talent to your company Stellen Sie sich auf die neue Generation ein [\/vc_column_text][vc_column_text css=&#8221;.vc_custom_1647247671369{margin-bottom: 15px !important;padding-top: 0px !important;}&#8221;]Unternehmen m\u00fcssen sich fr\u00fchzeitig um den Nachwuchs k\u00fcmmern. Dazu m\u00fcssen Sie wissen, was junge Menschen bewegt und wie sie \u201eticken\u201c. Eine zielgruppengenaue Ansprache ist heutzutage essentiell. Zu wissen, dass die [&hellip;]<\/p>\n","protected":false},"author":1,"featured_media":21586,"parent":20588,"menu_order":0,"comment_status":"closed","ping_status":"closed","template":"","meta":{"inline_featured_image":false,"footnotes":""},"_links":{"self":[{"href":"https:\/\/wfg-kreis-viersen.de\/en\/wp-json\/wp\/v2\/pages\/20595"}],"collection":[{"href":"https:\/\/wfg-kreis-viersen.de\/en\/wp-json\/wp\/v2\/pages"}],"about":[{"href":"https:\/\/wfg-kreis-viersen.de\/en\/wp-json\/wp\/v2\/types\/page"}],"author":[{"embeddable":true,"href":"https:\/\/wfg-kreis-viersen.de\/en\/wp-json\/wp\/v2\/users\/1"}],"replies":[{"embeddable":true,"href":"https:\/\/wfg-kreis-viersen.de\/en\/wp-json\/wp\/v2\/comments?post=20595"}],"version-history":[{"count":8,"href":"https:\/\/wfg-kreis-viersen.de\/en\/wp-json\/wp\/v2\/pages\/20595\/revisions"}],"predecessor-version":[{"id":22468,"href":"https:\/\/wfg-kreis-viersen.de\/en\/wp-json\/wp\/v2\/pages\/20595\/revisions\/22468"}],"up":[{"embeddable":true,"href":"https:\/\/wfg-kreis-viersen.de\/en\/wp-json\/wp\/v2\/pages\/20588"}],"wp:featuredmedia":[{"embeddable":true,"href":"https:\/\/wfg-kreis-viersen.de\/en\/wp-json\/wp\/v2\/media\/21586"}],"wp:attachment":[{"href":"https:\/\/wfg-kreis-viersen.de\/en\/wp-json\/wp\/v2\/media?parent=20595"}],"curies":[{"name":"wp","href":"https:\/\/api.w.org\/{rel}","templated":true}]}}