{"id":20972,"date":"2022-01-26T18:03:12","date_gmt":"2022-01-26T17:03:12","guid":{"rendered":"https:\/\/dev2.wfg-kreis-viersen.de\/specialist-staff-young-talent\/fachkraefte-binden\/"},"modified":"2022-11-08T16:56:11","modified_gmt":"2022-11-08T15:56:11","slug":"retain-professionals","status":"publish","type":"page","link":"https:\/\/wfg-kreis-viersen.de\/en\/specialist-staff-young-talent\/retain-professionals\/","title":{"rendered":"Retain professionals"},"content":{"rendered":"<p>[vc_row css=&#8221;.vc_custom_1644392584085{margin-bottom: 120px !important;}&#8221;][vc_column offset=&#8221;vc_col-lg-8 vc_col-md-10&#8243;][vc_column_text]<\/p>\n<h1>Retain professionals<\/h1>\n<h2>Binden Sie Mitarbeiter ans Unternehmen<\/h2>\n<p>[\/vc_column_text][vc_column_text css=&#8221;.vc_custom_1644479865597{margin-bottom: 15px !important;padding-top: 0px !important;}&#8221;]<strong>Motivierte Mitarbeiter sind produktiver. Deshalb ist es wichtig, dass Unternehmen als attraktive Arbeitgeber mit einem guten Betriebsklima agieren. <\/strong>[\/vc_column_text][vc_column_text css=&#8221;.vc_custom_1644479874056{margin-bottom: 15px !important;padding-top: 0px !important;}&#8221;]Talente anzulocken, ist f\u00fcr Unternehmen eine Herausforderung \u2013 sie anschlie\u00dfend auch zu halten, ist die gro\u00dfe Kunst. Neben der Personalsuche auf dem Arbeitsmarkt sollte die Personalstrategie deshalb die Bindung vorhandener Fachkr\u00e4fte fest im Blick haben: Was m\u00fcssen Sie als Unternehmen beachten, um Mitarbeiter zu halten und an das Unternehmen zu binden?[\/vc_column_text][\/vc_column][vc_column width=&#8221;1\/3&#8243;][\/vc_column][\/vc_row][vc_row full_width=&#8221;stretch_row&#8221; el_class=&#8221;diagonal-grau mehr-wissen&#8221; css=&#8221;.vc_custom_1644841509330{margin-bottom: 0px !important;}&#8221;][vc_column][vc_column_text css=&#8221;.vc_custom_1644480034574{margin-bottom: 60px !important;}&#8221;]<\/p>\n<h2 style=\"text-align: center;\">Mehr Wissen in weniger Zeit<\/h2>\n<p>[\/vc_column_text][\/vc_column][vc_column offset=&#8221;vc_col-md-4&#8243;][vc_row_inner][vc_column_inner width=&#8221;1\/4&#8243; offset=&#8221;vc_col-md-12&#8243;][vc_single_image image=&#8221;19585&#8243; img_size=&#8221;full&#8221; el_class=&#8221;injectable text-md-center&#8221; css=&#8221;.vc_custom_1644480267162{margin-bottom: 0px !important;}&#8221;][\/vc_column_inner][vc_column_inner width=&#8221;3\/4&#8243; offset=&#8221;vc_col-md-12&#8243;][vc_column_text el_class=&#8221;text-lg-center&#8221;]<\/p>\n<h3>Halten Sie, was Sie versprochen haben<\/h3>\n<p>Die Probezeit ist nicht mehr nur f\u00fcr den neu gewonnenen Mitarbeiter eine Bew\u00e4hrungsprobe \u2013 auch das Unternehmen muss sich als passender Arbeitgeber beweisen.[\/vc_column_text][\/vc_column_inner][\/vc_row_inner][\/vc_column][vc_column offset=&#8221;vc_col-md-4&#8243;][vc_row_inner][vc_column_inner width=&#8221;1\/4&#8243; offset=&#8221;vc_col-md-12&#8243;][vc_single_image image=&#8221;19589&#8243; img_size=&#8221;full&#8221; el_class=&#8221;injectable text-md-center&#8221; css=&#8221;.vc_custom_1644480334870{margin-bottom: 0px !important;}&#8221;][\/vc_column_inner][vc_column_inner width=&#8221;3\/4&#8243; offset=&#8221;vc_col-md-12&#8243;][vc_column_text el_class=&#8221;text-lg-center&#8221;]<\/p>\n<h3>Schaffen Sie Vertrauen<\/h3>\n<p>Ein gutes Betriebsklima und eine wertsch\u00e4tzende Unternehmenskultur stehen noch vor dem Gehalt auf der Prio-Liste von Mitarbeitern.[\/vc_column_text][\/vc_column_inner][\/vc_row_inner][\/vc_column][vc_column offset=&#8221;vc_col-md-4&#8243;][vc_row_inner][vc_column_inner width=&#8221;1\/4&#8243; offset=&#8221;vc_col-md-12&#8243;][vc_single_image image=&#8221;19592&#8243; img_size=&#8221;full&#8221; el_class=&#8221;injectable text-md-center&#8221; css=&#8221;.vc_custom_1644480390496{margin-bottom: 0px !important;}&#8221;][\/vc_column_inner][vc_column_inner width=&#8221;3\/4&#8243; offset=&#8221;vc_col-md-12&#8243;][vc_column_text el_class=&#8221;text-lg-center&#8221;]<\/p>\n<h3>Sprechen Sie \u00fcber die Bed\u00fcrfnisse Ihrer Mitarbeiter<\/h3>\n<p>Das Leben bringt Ver\u00e4nderungen mit sich \u2013 sowohl f\u00fcr Betriebe als auch die Besch\u00e4ftigten. Nur mit gegenseitigem Vertrauen und wenn miteinander gesprochen wird, k\u00f6nnen alle davon profitieren.[\/vc_column_text][\/vc_column_inner][\/vc_row_inner][\/vc_column][\/vc_row][vc_row full_width=&#8221;stretch_row&#8221; css=&#8221;.vc_custom_1645534578399{margin-bottom: 0px !important;}&#8221; el_class=&#8221;diagonal-blau&#8221;][vc_column width=&#8221;5\/6&#8243; offset=&#8221;vc_col-md-offset-0 vc_col-md-12 vc_col-sm-offset-1&#8243;][vc_column_text css=&#8221;.vc_custom_1644841752723{margin-bottom: 30px !important;}&#8221;]<\/p>\n<h2 style=\"text-align: center;\">Initiativen &amp; Projekte<\/h2>\n<p>[\/vc_column_text][vc_row_inner equal_height=&#8221;yes&#8221;][vc_column_inner offset=&#8221;vc_col-lg-offset-2 vc_col-lg-4 vc_col-md-6&#8243;][vc_hoverbox image=&#8221;19571&#8243; primary_title=&#8221;TOP-Arbeitgeber&#8221; hover_title=&#8221;&#8221; shape=&#8221;square&#8221; hover_btn_title=&#8221;weiter&#8221; hover_add_button=&#8221;true&#8221; el_class=&#8221;flip-card flip-card-logo&#8221; hover_btn_link=&#8221;url:%2Ftop-arbeitgeber&#8221; hover_btn_el_class=&#8221;button-filled&#8221;]<\/p>\n<h3>TOP-Arbeitgeber<\/h3>\n<p>Die Initiative \u201eTop-Arbeitgeber\u201c macht Arbeitgeber sichtbarer. Dies gelingt am besten \u00fcber eine \u00fcbersichtliche Karriereseite. Wir unterst\u00fctzen Unternehmen dabei und geben Tipps, wie Sie sich als Arbeitgeber attraktiver darstellen und Bewerberinnen und Bewerber von ihren Qualit\u00e4ten als Arbeitgeber \u00fcberzeugen k\u00f6nnen.[\/vc_hoverbox][\/vc_column_inner][vc_column_inner offset=&#8221;vc_col-lg-4 vc_col-md-6&#8243;][vc_hoverbox image=&#8221;19562&#8243; primary_title=&#8221;Competentia NRW&#8221; hover_title=&#8221;&#8221; hover_align=&#8221;left&#8221; shape=&#8221;square&#8221; hover_btn_title=&#8221;weiter&#8221; hover_add_button=&#8221;true&#8221; el_class=&#8221;flip-card flip-card-logo&#8221; hover_btn_link=&#8221;url:http%3A%2F%2Fwww.competentia.nrw.de%2Fkompetenzzentren%2Fkompetenzzentrum_Mittlerer_Niederrhein%2Findex.php%20|target:_blank&#8221; hover_btn_el_class=&#8221;button-filled&#8221;]<\/p>\n<h3>Competentia NRW<br \/>\nKompetenzzentrum Frau &amp; Beruf Mittlerer Niederrhein<\/h3>\n<p>The competence centre as a project under the auspices of the WFG supports small and medium-sized enterprises in planning and implementing measures with the aim of attracting and retaining well-trained women in particular with flexible solutions in the area of reconciling family, care and work. After all, a future-oriented, life-phase-oriented and family-friendly personnel policy characterises successful and attractive employers.[\/vc_hoverbox][\/vc_column_inner][\/vc_row_inner][\/vc_column][\/vc_row][vc_row full_width=&#8221;stretch_row&#8221; el_class=&#8221;diagonal-grau&#8221; css=&#8221;.vc_custom_1643976168833{margin-bottom: 120px !important;}&#8221;][vc_column][vc_column_text]<\/p>\n<h2 style=\"text-align: center;\">Ziemlich Zukunft<\/h2>\n<p>[\/vc_column_text][vc_row_inner][vc_column_inner width=&#8221;2\/12&#8243;][\/vc_column_inner][vc_column_inner width=&#8221;8\/12&#8243;][vc_column_text]<\/p>\n<p style=\"text-align: center;\">Investitionen in Mitarbeiterbindung zahlen sich auf verschiedenen Ebenen aus. Sie halten und motivieren wertvolle Mitarbeiter und zahlen gleichzeitig auf die Arbeitgebermarke ein. Zufriedene Angestellte, die sich als fester Bestandteil der Firma f\u00fchlen und im Firmen-Netzwerk verwurzelt sind, werden als positive Multiplikatoren auftreten und automatisch im eigenen Netzwerk neue Fachkr\u00e4fte anwerben. So werden sie zur wertvollen Langzeit-Ressource und gleichzeitig zum \u00f6ffentlichkeitswirksamen Testimonial f\u00fcr Ihr Unternehmen.<\/p>\n<p style=\"text-align: center;\">Sie wollen mehr wissen? Melden Sie sich bei uns. Wir beraten Sie gerne individuell.<\/p>\n<p>[\/vc_column_text][\/vc_column_inner][vc_column_inner width=&#8221;2\/12&#8243;][\/vc_column_inner][\/vc_row_inner][\/vc_column][\/vc_row][vc_row][vc_column][vc_column_text el_class=&#8221;h2-headline&#8221;]<\/p>\n<h2 style=\"text-align: center;\">Haben Sie Fragen?<\/h2>\n<p style=\"text-align: center;\">Ich bin gerne pers\u00f6nlich f\u00fcr Sie da.<\/p>\n<p>[\/vc_column_text]<div class=\"owl-carousel owl-theme team-carousel-standard-1\" data-owl-carousel-options=\"{&quot;responsive&quot;:{&quot;0&quot;:{&quot;items&quot;:1,&quot;margin&quot;:0,&quot;loop&quot;:false,&quot;nav&quot;:false,&quot;dots&quot;:true,&quot;autoplay&quot;:false},&quot;576&quot;:{&quot;items&quot;:1,&quot;margin&quot;:0,&quot;loop&quot;:false,&quot;nav&quot;:false,&quot;dots&quot;:true,&quot;autoplay&quot;:false},&quot;768&quot;:{&quot;items&quot;:2,&quot;margin&quot;:0,&quot;loop&quot;:false,&quot;nav&quot;:false,&quot;dots&quot;:true,&quot;autoplay&quot;:false},&quot;992&quot;:{&quot;items&quot;:3,&quot;margin&quot;:0,&quot;loop&quot;:false,&quot;nav&quot;:false,&quot;dots&quot;:true,&quot;autoplay&quot;:false},&quot;1200&quot;:{&quot;items&quot;:4,&quot;margin&quot;:0,&quot;loop&quot;:false,&quot;nav&quot;:false,&quot;dots&quot;:true,&quot;autoplay&quot;:false}},&quot;stagePadding&quot;:0,&quot;center&quot;:false,&quot;animateIn&quot;:false,&quot;animateOut&quot;:false,&quot;mouseDrag&quot;:true,&quot;touchDrag&quot;:true,&quot;navText&quot;:[&quot;&lt;span aria-label=\\&quot;Previous\\&quot;&gt;\\u2039&lt;\\\/span&gt;&quot;,&quot;&lt;span aria-label=\\&quot;Next\\&quot;&gt;\\u203a&lt;\\\/span&gt;&quot;]}\">\n\t\t\t<div class=\"item\">\n\t\t\t<div class=\"card\">\n\t\t\t\t\n\t\t\t\t<div class=\"card-img\" style=\"background-image:url('https:\/\/wfg-kreis-viersen.de\/wp-content\/uploads\/2022\/01\/foto_anke_erhardt_250x250px.jpg');\"><\/div>\n\t\t\t\t<div class=\"card-body\">\n\t\t\t\t\t<h5 class=\"card-title mb-0\">Anke Erhardt<\/h5>\n\t\t\t\t\t<div class=\"position mb-3\">Project Manager<\/div><div class=\"telefon\"><i class=\"fas fa-phone-alt\"><\/i> <a href=\"tel:49021628179116\">+49 (0)2162 \u2013 8179-116<\/a><\/div>\t\t\t\t<\/div>\n\t\t\t\t<div class=\"card-footer\">\n\t\t\t\t<div class=\"social-media button-filled\"><a href=\"mailto:anke.erhardt@wfg-kreis-viersen.de\"><i class=\"fas fa-envelope\"><\/i><\/a><a href=\"https:\/\/de.linkedin.com\/in\/anke-erhardt-4088bb209\" target=\"_blank\"><i class=\"fab fa-linkedin-in\"><\/i><\/a><\/div>\t\t\t\t<\/div>\n\n\t\t\t<\/div>\n\t\t<\/div>\n\t<\/div><style>\/* team-carousel-standard-1 *\/\n\n@media (min-width: 768px) {\n.team-carousel-standard-1 .owl-stage-outer{\n    display: flex;\n    justify-content: center;\n}\n\n.team-carousel-standard-1 .owl-stage-outer .owl-item,\n.team-carousel-standard-1 .owl-stage-outer .item{\n    height: 100%;\n}\n}\n\n.team-carousel-standard-1 .card{\n    border: 0;\n    text-align: center;\n    height: 100%;\n    flex: 1 0 0%;\n    background-color: transparent;\n}\n\n.team-carousel-standard-1 .card h5{\n    text-transform: none;\n    color: unset;\n}\n\n.team-carousel-standard-1 .card .card-img{\n    height: 150px;\n    background-position: center;\n    background-repeat: no-repeat;\n    background-size: cover;\n    border-radius: 100%;\n    width: 150px;\n    margin: 0 auto;\n}\n\n.team-carousel-standard-1 .card a{\n    color: #212529;\n}\n\n.team-carousel-standard-1 .card .button-filled > a {\n    padding: 5px 10px !important;\n    margin-right: 2px;\n    display: inline-block;\n}\n\n.team-carousel-standard-1 .card .button-filled > a:hover {\n    padding: 5px 10px !important;\n}\n\n.team-carousel-standard-1 .card .card-footer{\n    background-color: unset;\n    border-top: 0;\n    padding-top: 0;\n}<\/style>[vc_column_text]<div class=\"private:-kontakt-icons\"><p>[vc_row disable_element=&#8221;yes&#8221; el_class=&#8221;kontakt-icons&#8221;][vc_column width=&#8221;1\/3&#8243;][\/vc_column][vc_column width=&#8221;1\/3&#8243;][\/vc_column][vc_column width=&#8221;1\/3&#8243;][\/vc_column][\/vc_row][vc_row][vc_column width=&#8221;1\/12&#8243; offset=&#8221;vc_hidden-sm vc_hidden-xs&#8221;][\/vc_column][vc_column offset=&#8221;vc_col-md-10&#8243;][vc_row_inner el_class=&#8221;kontakt-icons&#8221;][vc_column_inner width=&#8221;1\/3&#8243; offset=&#8221;vc_col-xs-6&#8243;][vc_column_text el_class=&#8221;kontakt-icon kontakt-icon-medien&#8221;]<a class=\"stretched-link\" href=\"\/medien\/\">Medien<\/a>[\/vc_column_text][\/vc_column_inner][vc_column_inner width=&#8221;1\/3&#8243; offset=&#8221;vc_col-xs-6&#8243;][vc_column_text el_class=&#8221;kontakt-icon kontakt-icon-formular&#8221;]<a class=\"stretched-link\" href=\"\/kontakt\/\"><span class=\"d-none d-md-inline\">Schreiben Sie uns<\/span><span class=\"d-md-none\">Kontakt<\/span><\/a>[\/vc_column_text][\/vc_column_inner][vc_column_inner width=&#8221;1\/3&#8243; offset=&#8221;vc_col-xs-12&#8243;][vc_column_text el_class=&#8221;kontakt-icon kontakt-icon-telefon&#8221;]<a class=\"stretched-link\" href=\"tel:+492162817901\"><span class=\"d-none d-lg-inline\">Telefon:<\/span><span class=\"d-lg-none\">Tel.<\/span> (0)2162 \u2013 8179-01<\/a>[\/vc_column_text][\/vc_column_inner][\/vc_row_inner][\/vc_column][vc_column width=&#8221;1\/12&#8243; offset=&#8221;vc_hidden-sm vc_hidden-xs&#8221;][\/vc_column][\/vc_row]<\/p>\n<\/div>[\/vc_column_text][\/vc_column][\/vc_row]<\/p>\n","protected":false},"excerpt":{"rendered":"<p>[vc_row css=&#8221;.vc_custom_1644392584085{margin-bottom: 120px !important;}&#8221;][vc_column offset=&#8221;vc_col-lg-8 vc_col-md-10&#8243;][vc_column_text] Retain professionals Binden Sie Mitarbeiter ans Unternehmen [\/vc_column_text][vc_column_text css=&#8221;.vc_custom_1644479865597{margin-bottom: 15px !important;padding-top: 0px !important;}&#8221;]Motivierte Mitarbeiter sind produktiver. Deshalb ist es wichtig, dass Unternehmen als attraktive Arbeitgeber mit einem guten Betriebsklima agieren. [\/vc_column_text][vc_column_text css=&#8221;.vc_custom_1644479874056{margin-bottom: 15px !important;padding-top: 0px !important;}&#8221;]Talente anzulocken, ist f\u00fcr Unternehmen eine Herausforderung \u2013 sie anschlie\u00dfend auch zu halten, ist [&hellip;]<\/p>\n","protected":false},"author":1,"featured_media":21605,"parent":20588,"menu_order":0,"comment_status":"closed","ping_status":"closed","template":"","meta":{"inline_featured_image":false,"footnotes":""},"_links":{"self":[{"href":"https:\/\/wfg-kreis-viersen.de\/en\/wp-json\/wp\/v2\/pages\/20972"}],"collection":[{"href":"https:\/\/wfg-kreis-viersen.de\/en\/wp-json\/wp\/v2\/pages"}],"about":[{"href":"https:\/\/wfg-kreis-viersen.de\/en\/wp-json\/wp\/v2\/types\/page"}],"author":[{"embeddable":true,"href":"https:\/\/wfg-kreis-viersen.de\/en\/wp-json\/wp\/v2\/users\/1"}],"replies":[{"embeddable":true,"href":"https:\/\/wfg-kreis-viersen.de\/en\/wp-json\/wp\/v2\/comments?post=20972"}],"version-history":[{"count":8,"href":"https:\/\/wfg-kreis-viersen.de\/en\/wp-json\/wp\/v2\/pages\/20972\/revisions"}],"predecessor-version":[{"id":22488,"href":"https:\/\/wfg-kreis-viersen.de\/en\/wp-json\/wp\/v2\/pages\/20972\/revisions\/22488"}],"up":[{"embeddable":true,"href":"https:\/\/wfg-kreis-viersen.de\/en\/wp-json\/wp\/v2\/pages\/20588"}],"wp:featuredmedia":[{"embeddable":true,"href":"https:\/\/wfg-kreis-viersen.de\/en\/wp-json\/wp\/v2\/media\/21605"}],"wp:attachment":[{"href":"https:\/\/wfg-kreis-viersen.de\/en\/wp-json\/wp\/v2\/media?parent=20972"}],"curies":[{"name":"wp","href":"https:\/\/api.w.org\/{rel}","templated":true}]}}