{"id":20359,"date":"2017-01-26T14:52:55","date_gmt":"2017-01-26T13:52:55","guid":{"rendered":"https:\/\/dev2.wfg-kreis-viersen.de\/impressum\/"},"modified":"2025-11-03T09:03:10","modified_gmt":"2025-11-03T08:03:10","slug":"afdruk","status":"publish","type":"page","link":"https:\/\/wfg-kreis-viersen.de\/nl\/afdruk\/","title":{"rendered":"Afdruk"},"content":{"rendered":"<p>[vc_row][vc_column width=&#8221;1\/6&#8243; offset=&#8221;vc_col-lg-3 vc_col-md-3 vc_hidden-sm vc_hidden-xs&#8221;][\/vc_column][vc_column offset=&#8221;vc_col-lg-9 vc_col-md-9 vc_col-xs-12&#8243;][vc_custom_heading source=&#8221;post_title&#8221; use_theme_fonts=&#8221;yes&#8221;][vc_row_inner][vc_column_inner width=&#8221;1\/2&#8243;][vc_column_text]<\/p>\n<p class=\"bodytext\"><strong>Wirtschaftsf\u00f6rderungsgesellschaft<br \/>\nf\u00fcr den Kreis Viersen mbH<\/strong><br \/>\nWilly-Brandt-Ring 13<br \/>\n41747 Viersen<\/p>\n<p class=\"bodytext\">Tel.: +49 (0)2162 \u2013 8179-102<br \/>\nFax: +49 (0)2162 \u2013 8179-180<br \/>\n<a class=\"mail\" title=\"Opens window for sending email\" href=\"mailto:info@wfg-kreis-viersen.de\">info@wfg-kreis-viersen.de<\/a><\/p>\n<p>[\/vc_column_text][vc_btn title=&#8221;Datenschutzerkl\u00e4rung&#8221; style=&#8221;flat&#8221; shape=&#8221;square&#8221; size=&#8221;sm&#8221; align=&#8221;left&#8221; link=&#8221;url:%2Fdatenschutz%2F&#8221;][\/vc_column_inner][vc_column_inner width=&#8221;1\/2&#8243;][vc_column_text]<\/p>\n<p class=\"bodytext\">Gesch\u00e4ftsf\u00fchrer:<br \/>\nDr. Thomas Jablonski<br \/>\nChristian Pakusch<br \/>\nThomas Heil<\/p>\n<p class=\"bodytext\">Vorsitzender des Aufsichtsrates:<br \/>\nLandrat Bennet Gielen<\/p>\n<p class=\"bodytext\">Handelsregister: Amtsgericht M\u00f6nchengladbach<br \/>\nNummer: HRB 9714<br \/>\nFinanzamt: Viersen<br \/>\nSteuernummer: 102\/5856\/0173<br \/>\nUst.-Identnr.: DE 119 113 407<\/p>\n<p>[\/vc_column_text][\/vc_column_inner][\/vc_row_inner][vc_separator color=&#8221;custom&#8221; style=&#8221;solid&#8221; accent_color=&#8221;#cccccc&#8221;][vc_row_inner][vc_column_inner width=&#8221;1\/2&#8243;][vc_column_text]<strong>Redaktion \/ Verantwortlich f\u00fcr den<br \/>\nInhalt nach \u00a7 55 Abs. 2 RStV<\/strong><\/p>\n<p>Dr. Thomas Jablonski<br \/>\nTel.: +49 (0)2162 \u2013 8179-102<br \/>\nFax: +49 (0)2162 \u2013 8179-180<br \/>\n<a href=\"mailto:info@wfg-kreis-viersen.de\">info@wfg-kreis-viersen.de<\/a>[\/vc_column_text][\/vc_column_inner][vc_column_inner width=&#8221;1\/2&#8243;][vc_column_text]<strong>Pressekontakt<br \/>\n<\/strong><\/p>\n<p>Daniel Boss (Pressesprecher)<br \/>\nTel.: +49 (0)173 \/ 29 05507<br \/>\n<a href=\"mailto:presse@wfg-kreis-viersen.de\">presse@wfg-kreis-viersen.de<\/a>[\/vc_column_text][\/vc_column_inner][\/vc_row_inner][vc_separator color=&#8221;custom&#8221; style=&#8221;solid&#8221; accent_color=&#8221;#cccccc&#8221;][vc_column_text]<\/p>\n<h3>Haftung f\u00fcr Inhalte<\/h3>\n<p>Als Diensteanbieter sind wir gem\u00e4\u00df \u00a7 7 Abs.1 TMG f\u00fcr eigene Inhalte auf diesen Seiten nach den allgemeinen Gesetzen verantwortlich. Nach \u00a7\u00a7 8 bis 10 TMG sind wir als Diensteanbieter jedoch nicht verpflichtet, \u00fcbermittelte oder gespeicherte fremde Informationen zu \u00fcberwachen oder nach Umst\u00e4nden zu forschen, die auf eine rechtswidrige T\u00e4tigkeit hinweisen.<\/p>\n<p>Verpflichtungen zur Entfernung oder Sperrung der Nutzung von Informationen nach den allgemeinen Gesetzen bleiben hiervon unber\u00fchrt. Eine diesbez\u00fcgliche Haftung ist jedoch erst ab dem Zeitpunkt der Kenntnis einer konkreten Rechtsverletzung m\u00f6glich. Bei Bekanntwerden von entsprechenden Rechtsverletzungen werden wir diese Inhalte umgehend entfernen.<\/p>\n<h3>Haftung f\u00fcr Links<\/h3>\n<p>Unser Angebot enth\u00e4lt Links zu externen Webseiten Dritter, auf deren Inhalte wir keinen Einfluss haben. Deshalb k\u00f6nnen wir f\u00fcr diese fremden Inhalte auch keine Gew\u00e4hr \u00fcbernehmen. F\u00fcr die Inhalte der verlinkten Seiten ist stets der jeweilige Anbieter oder Betreiber der Seiten verantwortlich. Die verlinkten Seiten wurden zum Zeitpunkt der Verlinkung auf m\u00f6gliche Rechtsverst\u00f6\u00dfe \u00fcberpr\u00fcft. Rechtswidrige Inhalte waren zum Zeitpunkt der Verlinkung nicht erkennbar.<\/p>\n<p>Eine permanente inhaltliche Kontrolle der verlinkten Seiten ist jedoch ohne konkrete Anhaltspunkte einer Rechtsverletzung nicht zumutbar. Bei Bekanntwerden von Rechtsverletzungen werden wir derartige Links umgehend entfernen.<\/p>\n<h3>Urheberrecht<\/h3>\n<p>Die durch die Seitenbetreiber erstellten Inhalte und Werke auf diesen Seiten unterliegen dem deutschen Urheberrecht. Die Vervielf\u00e4ltigung, Bearbeitung, Verbreitung und jede Art der Verwertung au\u00dferhalb der Grenzen des Urheberrechtes bed\u00fcrfen der schriftlichen Zustimmung des jeweiligen Autors bzw. Erstellers. Downloads und Kopien dieser Seite sind nur f\u00fcr den privaten, nicht kommerziellen Gebrauch gestattet.<\/p>\n<p>Soweit die Inhalte auf dieser Seite nicht vom Betreiber erstellt wurden, werden die Urheberrechte Dritter beachtet. Insbesondere werden Inhalte Dritter als solche gekennzeichnet. Sollten Sie trotzdem auf eine Urheberrechtsverletzung aufmerksam werden, bitten wir um einen entsprechenden Hinweis. Bei Bekanntwerden von Rechtsverletzungen werden wir derartige Inhalte umgehend entfernen.<\/p>\n<h3>Bildnachweis<\/h3>\n<p>Andreas Baum, photofashion \/ Titelbild &#8220;M\u00fcnchheide&#8221;<br \/>\nUdo Leist, \u00a0www.leist-design.de<br \/>\nAlois M\u00fcller \/ Portraits<br \/>\nFrank Hohnen \/ Stadt Nettetal<br \/>\nFriedhelm Reimann \/ Kreis Viersen[\/vc_column_text][\/vc_column][\/vc_row]<\/p>\n","protected":false},"excerpt":{"rendered":"<p>[vc_row][vc_column width=&#8221;1\/6&#8243; offset=&#8221;vc_col-lg-3 vc_col-md-3 vc_hidden-sm vc_hidden-xs&#8221;][\/vc_column][vc_column offset=&#8221;vc_col-lg-9 vc_col-md-9 vc_col-xs-12&#8243;][vc_custom_heading source=&#8221;post_title&#8221; use_theme_fonts=&#8221;yes&#8221;][vc_row_inner][vc_column_inner width=&#8221;1\/2&#8243;][vc_column_text] Wirtschaftsf\u00f6rderungsgesellschaft f\u00fcr den Kreis Viersen mbH Willy-Brandt-Ring 13 41747 Viersen Tel.: +49 (0)2162 \u2013 8179-102 Fax: +49 (0)2162 \u2013 8179-180 info@wfg-kreis-viersen.de [\/vc_column_text][vc_btn title=&#8221;Datenschutzerkl\u00e4rung&#8221; style=&#8221;flat&#8221; shape=&#8221;square&#8221; size=&#8221;sm&#8221; align=&#8221;left&#8221; link=&#8221;url:%2Fdatenschutz%2F&#8221;][\/vc_column_inner][vc_column_inner width=&#8221;1\/2&#8243;][vc_column_text] Gesch\u00e4ftsf\u00fchrer: Dr. Thomas Jablonski Christian Pakusch Thomas Heil Vorsitzender des Aufsichtsrates: Landrat Bennet Gielen [&hellip;]<\/p>\n","protected":false},"author":1,"featured_media":0,"parent":0,"menu_order":0,"comment_status":"closed","ping_status":"closed","template":"","meta":{"inline_featured_image":false,"footnotes":""},"_links":{"self":[{"href":"https:\/\/wfg-kreis-viersen.de\/nl\/wp-json\/wp\/v2\/pages\/20359"}],"collection":[{"href":"https:\/\/wfg-kreis-viersen.de\/nl\/wp-json\/wp\/v2\/pages"}],"about":[{"href":"https:\/\/wfg-kreis-viersen.de\/nl\/wp-json\/wp\/v2\/types\/page"}],"author":[{"embeddable":true,"href":"https:\/\/wfg-kreis-viersen.de\/nl\/wp-json\/wp\/v2\/users\/1"}],"replies":[{"embeddable":true,"href":"https:\/\/wfg-kreis-viersen.de\/nl\/wp-json\/wp\/v2\/comments?post=20359"}],"version-history":[{"count":5,"href":"https:\/\/wfg-kreis-viersen.de\/nl\/wp-json\/wp\/v2\/pages\/20359\/revisions"}],"predecessor-version":[{"id":28118,"href":"https:\/\/wfg-kreis-viersen.de\/nl\/wp-json\/wp\/v2\/pages\/20359\/revisions\/28118"}],"wp:attachment":[{"href":"https:\/\/wfg-kreis-viersen.de\/nl\/wp-json\/wp\/v2\/media?parent=20359"}],"curies":[{"name":"wp","href":"https:\/\/api.w.org\/{rel}","templated":true}]}}