{"id":20421,"date":"2022-01-26T18:23:34","date_gmt":"2022-01-26T17:23:34","guid":{"rendered":"https:\/\/dev2.wfg-kreis-viersen.de\/erfolgsgeschichten\/"},"modified":"2022-04-29T09:19:51","modified_gmt":"2022-04-29T07:19:51","slug":"succesverhalen","status":"publish","type":"page","link":"https:\/\/wfg-kreis-viersen.de\/nl\/succesverhalen\/","title":{"rendered":"Succesverhalen"},"content":{"rendered":"<p>[vc_row css=&#8221;.vc_custom_1644392584085{margin-bottom: 120px !important;}&#8221;][vc_column offset=&#8221;vc_col-lg-8 vc_col-md-10&#8243;][vc_column_text]<\/p>\n<h1>Succesverhalen<\/h1>\n<p>[\/vc_column_text][vc_column_text css=&#8221;.vc_custom_1643790444118{margin-bottom: 15px !important;padding-top: 0px !important;}&#8221;]<strong>Lorem ipsum dolor sit amet, consetetur sadipscing elitr, sed diam nonumy eirmod tempor invidunt ut labore et dolore magna aliquyam erat, sed diam voluptua. At vero eos et accusam et justo duo dolores et ea rebum. Stet clita kasd gubergren, no sea takimata sanctus est Lorem ipsum dolor sit amet.<\/strong>[\/vc_column_text][\/vc_column][vc_column width=&#8221;1\/3&#8243;][\/vc_column][\/vc_row][vc_row full_width=&#8221;stretch_row&#8221; css=&#8221;.vc_custom_1643791194126{margin-bottom: 120px !important;}&#8221; el_class=&#8221;diagonal-grau&#8221;][vc_column][vc_column_text]<ul class=\"post-list-layout-successstories\"><li>\r\n\t<div class=\"card mb-5\">\r\n\t  <div class=\"row no-gutters\">\r\n\t    <div class=\"col-md-5 col-xl-4 align-self-top text-center image\" style=\"background-image: url('https:\/\/wfg-kreis-viersen.de\/wp-content\/uploads\/2022\/08\/SL2-1024x510.jpg')\">\r\n\t    <\/div>\r\n\t    <div class=\"col-md-7 col-xl-8\">\r\n\t      <div class=\"card-body p-5\">\r\n\t        <h2 class=\"h3 mb-2 card-title\">Schmitz | L\u00fcck Unternehmensgruppe GmbH<\/h2>\r\n\t        <h5 class=\"mb-3 strong\">TGA-Planung und Ausf\u00fchrung aus einer Hand<\/h5>\t        <p class=\"card-text pb-3\">\r\n\t\t\t\t\t\t\t\t\r\n\t\t\t\t\r\n\t\t\t\tWir verbinden Planung und Ausf\u00fchrung im Bereich der technischen Geb\u00e4udeausr\u00fcstung, kurz TGA. Ebenfalls vereinen wir s\u00e4mtliche TGA-Gewerke, sodass unser Kunde einen Ansprechpartner auf der Baustelle hat. Von Sanit\u00e4r, Heizung, L\u00fcftung, \u00fcber Klima bis hin zur Elektroinstallation, unterst\u00fctzen wir unsere Kunden im Wohnungsbau.\t\t\t<\/p>\r\n\t\t\t<div class=\"button-filled button-sm\">\r\n\t\t\t\t<a href=\"https:\/\/wfg-kreis-viersen.de\/nl\/erfolgsgeschichten\/schmitz-lueck-unternehmensgruppe-gmbh\/\" class=\"stretched-link\">meer<\/a>\r\n\t\t\t<\/div>\r\n\t      <\/div>\r\n\r\n\t    <\/div>\r\n\t  <\/div>\r\n\t<\/div>\r\n<\/li><li>\r\n\t<div class=\"card mb-5\">\r\n\t  <div class=\"row no-gutters\">\r\n\t    <div class=\"col-md-5 col-xl-4 align-self-top text-center image\" style=\"background-image: url('https:\/\/wfg-kreis-viersen.de\/wp-content\/uploads\/2022\/07\/Banner-WFG-Kreis-Viersen-1920-\u00d7-500-px-1024x267.jpg')\">\r\n\t    <\/div>\r\n\t    <div class=\"col-md-7 col-xl-8\">\r\n\t      <div class=\"card-body p-5\">\r\n\t        <h2 class=\"h3 mb-2 card-title\">NOFFZ Technologies GmbH<\/h2>\r\n\t        <h5 class=\"mb-3 strong\">F\u00fchrende Testsysteme f\u00fcr die Industrie & Automobilbranche<\/h5>\t        <p class=\"card-text pb-3\">\r\n\t\t\t\t\t\t\t\t\r\n\t\t\t\t\r\n\t\t\t\tSeit mehr als 30 Jahren entwickelt und produziert NOFFZ Technologies branchenf\u00fchrende Testsysteme und L\u00f6sungen f\u00fcr den gesamten Produkt-Entstehungsprozess. Mit unserer Entwicklung, der UTP \u2013 Universal Tester Plattform, konzeptionieren wir Testger\u00e4te und Pr\u00fcfsysteme \u2013 individuell auf die Bed\u00fcrfnisse unserer Kunden und den jeweiligen Industriebereich abgestimmt. Unsere Schwerpunkte liegen in den Sparten Automotive und Telekommunikation. Dar\u00fcber hinaus vertrauen Kunden aus der Industrie- und Konsumerelektronik, Maschinenbau bis hin zu Herstellern f\u00fcr Medizin- und Wellnessprodukte auf unsere einzigartigen Testl\u00f6sungen.[...]\t\t\t<\/p>\r\n\t\t\t<div class=\"button-filled button-sm\">\r\n\t\t\t\t<a href=\"https:\/\/wfg-kreis-viersen.de\/nl\/erfolgsgeschichten\/noffz-technologies-gmbh\/\" class=\"stretched-link\">meer<\/a>\r\n\t\t\t<\/div>\r\n\t      <\/div>\r\n\r\n\t    <\/div>\r\n\t  <\/div>\r\n\t<\/div>\r\n<\/li><li>\r\n\t<div class=\"card mb-5\">\r\n\t  <div class=\"row no-gutters\">\r\n\t    <div class=\"col-md-5 col-xl-4 align-self-top text-center image\" style=\"background-image: url('https:\/\/wfg-kreis-viersen.de\/wp-content\/uploads\/2022\/07\/neues-Gebaeude_Sonne_0522-1024x768.jpg')\">\r\n\t    <\/div>\r\n\t    <div class=\"col-md-7 col-xl-8\">\r\n\t      <div class=\"card-body p-5\">\r\n\t        <h2 class=\"h3 mb-2 card-title\">kothes GmbH<\/h2>\r\n\t        <h5 class=\"mb-3 strong\">Technische Dokumentation und Informationsl\u00f6sungen aus einer Hand<\/h5>\t        <p class=\"card-text pb-3\">\r\n\t\t\t\t\t\t\t\t\r\n\t\t\t\t\r\n\t\t\t\tkothes stellt Nutzer:innen von Produkten, Software und Dienstleistungen die Informationen punktgenau bereit, die sie zur Erf\u00fcllung ihrer Aufgaben ben\u00f6tigen. Rund 150 Mitarbeiterinnen und Mitarbeiter an verschiedenen Standorten in Deutschland, \u00d6sterreich, der Schweiz und Gro\u00dfbritannien sind f\u00fcr Kunden aus den unterschiedlichsten Branchen t\u00e4tig.\t\t\t<\/p>\r\n\t\t\t<div class=\"button-filled button-sm\">\r\n\t\t\t\t<a href=\"https:\/\/wfg-kreis-viersen.de\/nl\/erfolgsgeschichten\/kothes-gmbh\/\" class=\"stretched-link\">meer<\/a>\r\n\t\t\t<\/div>\r\n\t      <\/div>\r\n\r\n\t    <\/div>\r\n\t  <\/div>\r\n\t<\/div>\r\n<\/li><li>\r\n\t<div class=\"card mb-5\">\r\n\t  <div class=\"row no-gutters\">\r\n\t    <div class=\"col-md-5 col-xl-4 align-self-top text-center image\" style=\"background-image: url('https:\/\/wfg-kreis-viersen.de\/wp-content\/uploads\/2022\/07\/X-LAM-2.0-Halle3a_Vink_102021_2000x1125pxl-1024x576.png')\">\r\n\t    <\/div>\r\n\t    <div class=\"col-md-7 col-xl-8\">\r\n\t      <div class=\"card-body p-5\">\r\n\t        <h2 class=\"h3 mb-2 card-title\">W. u. J. Derix GmbH &#038; Co.<\/h2>\r\n\t        <h5 class=\"mb-3 strong\"> F\u00fchrend im Ingenieurholzbau<\/h5>\t        <p class=\"card-text pb-3\">\r\n\t\t\t\t\t\t\t\t\r\n\t\t\t\t\r\n\t\t\t\tDie DERIX-Gruppe geh\u00f6rt zu den f\u00fchrenden Herstellern im Ingenieurholzbau. Sie stellt konstruktive Bauteile aus Brettschichtholz und tragende Bauelemente aus X-LAM (Brettsperrholz) her. Das Unternehmen besch\u00e4ftigt rund 260 Mitarbeiter an zwei Produktionsstandorten in Deutschland (Niederkr\u00fcchten und Westerkappeln) und drei weiteren Verkaufsniederlassungen (Hamburg, Hermeskeil und Lierderholthuis in den Niederlanden).\t\t\t<\/p>\r\n\t\t\t<div class=\"button-filled button-sm\">\r\n\t\t\t\t<a href=\"https:\/\/wfg-kreis-viersen.de\/nl\/erfolgsgeschichten\/w-u-j-derix-gmbh-co\/\" class=\"stretched-link\">meer<\/a>\r\n\t\t\t<\/div>\r\n\t      <\/div>\r\n\r\n\t    <\/div>\r\n\t  <\/div>\r\n\t<\/div>\r\n<\/li><li>\r\n\t<div class=\"card mb-5\">\r\n\t  <div class=\"row no-gutters\">\r\n\t    <div class=\"col-md-5 col-xl-4 align-self-top text-center image\" style=\"background-image: url('https:\/\/wfg-kreis-viersen.de\/wp-content\/uploads\/2022\/02\/Glasgow-Original-3-1024x684.jpg')\">\r\n\t    <\/div>\r\n\t    <div class=\"col-md-7 col-xl-8\">\r\n\t      <div class=\"card-body p-5\">\r\n\t        <h2 class=\"h3 mb-2 card-title\">CLAYTEC GmbH &#038; Co. KG<\/h2>\r\n\t        <h5 class=\"mb-3 strong\">Marktf\u00fchrer in Sachen Lehm<\/h5>\t        <p class=\"card-text pb-3\">\r\n\t\t\t\t\t\t\t\t\r\n\t\t\t\t\r\n\t\t\t\tSeit 1984 produziert das Viersener Unternehmen CLAYTEC Baustoffe aus Lehm. Das inhabergef\u00fchrte, mittelst\u00e4ndische Unternehmen z\u00e4hlt rund 90 Mitarbeiter\/-innen und gilt heute als Marktf\u00fchrer in Sachen Lehmputze und ist f\u00fchrend in Fragen der Fachwerksanierung. Lehm gilt als DER \u00f6kologische Baustoff \u00fcberhaupt. Neben den beiden Standorten in Viersen unterh\u00e4lt CLAYTEC Niederlassungen im Westerwald, in B\u00e4chingen an der Brenz, bei Magdeburg und in \u00d6sterreich.\t\t\t<\/p>\r\n\t\t\t<div class=\"button-filled button-sm\">\r\n\t\t\t\t<a href=\"https:\/\/wfg-kreis-viersen.de\/nl\/erfolgsgeschichten\/claytec-gmbh-co-kg\/\" class=\"stretched-link\">meer<\/a>\r\n\t\t\t<\/div>\r\n\t      <\/div>\r\n\r\n\t    <\/div>\r\n\t  <\/div>\r\n\t<\/div>\r\n<\/li><\/ul><style>\/* post-list-successstories *\/\r\n\r\nul.post-list-layout-successstories{\r\n    list-style: none;\r\n    padding-left: 0;\r\n}\r\n\r\nul.post-list-layout-successstories li{\r\n    transition: all 0.3s;\r\n}\r\n\r\nul.post-list-layout-successstories li:hover{\r\n    transition: all 0.3s;\r\n    box-shadow: rgba(100, 100, 100, 0.2) 0px 7px 15px 0px;\r\n}\r\n\r\nul.post-list-layout-successstories li .image{\r\n    background-size: cover;\r\n    background-position: center;\r\n    background-repeat: no-repeat;\r\n    min-height: 250px;\r\n}\r\n<\/style>[\/vc_column_text][\/vc_column][\/vc_row][vc_row][vc_column][vc_column_text el_class=&#8221;h2-headline&#8221;]<\/p>\n<h2 style=\"text-align: center;\">Nog vragen?<\/h2>\n<p style=\"text-align: center;\">Ik help u graag verder.<\/p>\n<p>[\/vc_column_text]<div class=\"owl-carousel owl-theme team-carousel-standard-1\" data-owl-carousel-options=\"{&quot;responsive&quot;:{&quot;0&quot;:{&quot;items&quot;:1,&quot;margin&quot;:0,&quot;loop&quot;:false,&quot;nav&quot;:false,&quot;dots&quot;:true,&quot;autoplay&quot;:false},&quot;576&quot;:{&quot;items&quot;:1,&quot;margin&quot;:0,&quot;loop&quot;:false,&quot;nav&quot;:false,&quot;dots&quot;:true,&quot;autoplay&quot;:false},&quot;768&quot;:{&quot;items&quot;:2,&quot;margin&quot;:0,&quot;loop&quot;:false,&quot;nav&quot;:false,&quot;dots&quot;:true,&quot;autoplay&quot;:false},&quot;992&quot;:{&quot;items&quot;:3,&quot;margin&quot;:0,&quot;loop&quot;:false,&quot;nav&quot;:false,&quot;dots&quot;:true,&quot;autoplay&quot;:false},&quot;1200&quot;:{&quot;items&quot;:4,&quot;margin&quot;:0,&quot;loop&quot;:false,&quot;nav&quot;:false,&quot;dots&quot;:true,&quot;autoplay&quot;:false}},&quot;stagePadding&quot;:0,&quot;center&quot;:false,&quot;animateIn&quot;:false,&quot;animateOut&quot;:false,&quot;mouseDrag&quot;:true,&quot;touchDrag&quot;:true,&quot;navText&quot;:[&quot;&lt;span aria-label=\\&quot;Previous\\&quot;&gt;\\u2039&lt;\\\/span&gt;&quot;,&quot;&lt;span aria-label=\\&quot;Next\\&quot;&gt;\\u203a&lt;\\\/span&gt;&quot;]}\">\n\t\t\t<div class=\"item\">\n\t\t\t<div class=\"card\">\n\t\t\t\t\n\t\t\t\t<div class=\"card-img\" style=\"background-image:url('https:\/\/wfg-kreis-viersen.de\/wp-content\/uploads\/2022\/01\/wfg_Dr.-Ing.-Thomas-Jablonski_2024_350x350px.jpg');\"><\/div>\n\t\t\t\t<div class=\"card-body\">\n\t\t\t\t\t<h5 class=\"card-title mb-0\">Dr.-Ing. Thomas Jablonski<\/h5>\n\t\t\t\t\t<div class=\"position mb-3\">Gesch\u00e4ftsf\u00fchrer<\/div><div class=\"telefon\"><i class=\"fas fa-phone-alt\"><\/i> <a href=\"tel:49021628179100\">+49 (0)2162 \u2013 8179-100<\/a><\/div>\t\t\t\t<\/div>\n\t\t\t\t<div class=\"card-footer\">\n\t\t\t\t<div class=\"social-media button-filled\"><a href=\"mailto:thomas.jablonski@wfg-kreis-viersen.de\"><i class=\"fas fa-envelope\"><\/i><\/a><\/div>\t\t\t\t<\/div>\n\n\t\t\t<\/div>\n\t\t<\/div>\n\t<\/div><style>\/* team-carousel-standard-1 *\/\n\n@media (min-width: 768px) {\n.team-carousel-standard-1 .owl-stage-outer{\n    display: flex;\n    justify-content: center;\n}\n\n.team-carousel-standard-1 .owl-stage-outer .owl-item,\n.team-carousel-standard-1 .owl-stage-outer .item{\n    height: 100%;\n}\n}\n\n.team-carousel-standard-1 .card{\n    border: 0;\n    text-align: center;\n    height: 100%;\n    flex: 1 0 0%;\n    background-color: transparent;\n}\n\n.team-carousel-standard-1 .card h5{\n    text-transform: none;\n    color: unset;\n}\n\n.team-carousel-standard-1 .card .card-img{\n    height: 150px;\n    background-position: center;\n    background-repeat: no-repeat;\n    background-size: cover;\n    border-radius: 100%;\n    width: 150px;\n    margin: 0 auto;\n}\n\n.team-carousel-standard-1 .card a{\n    color: #212529;\n}\n\n.team-carousel-standard-1 .card .button-filled > a {\n    padding: 5px 10px !important;\n    margin-right: 2px;\n    display: inline-block;\n}\n\n.team-carousel-standard-1 .card .button-filled > a:hover {\n    padding: 5px 10px !important;\n}\n\n.team-carousel-standard-1 .card .card-footer{\n    background-color: unset;\n    border-top: 0;\n    padding-top: 0;\n}<\/style>[vc_column_text]<div class=\"priv\u00e9:-kontakt-icons\"><p>[vc_row disable_element=&#8221;yes&#8221; el_class=&#8221;kontakt-icons&#8221;][vc_column width=&#8221;1\/3&#8243;][\/vc_column][vc_column width=&#8221;1\/3&#8243;][\/vc_column][vc_column width=&#8221;1\/3&#8243;][\/vc_column][\/vc_row][vc_row][vc_column width=&#8221;1\/12&#8243; offset=&#8221;vc_hidden-sm vc_hidden-xs&#8221;][\/vc_column][vc_column offset=&#8221;vc_col-md-10&#8243;][vc_row_inner el_class=&#8221;kontakt-icons&#8221;][vc_column_inner width=&#8221;1\/3&#8243; offset=&#8221;vc_col-xs-6&#8243;][vc_column_text el_class=&#8221;kontakt-icon kontakt-icon-medien&#8221;]<a class=\"stretched-link\" href=\"\/medien\/\">Medien<\/a>[\/vc_column_text][\/vc_column_inner][vc_column_inner width=&#8221;1\/3&#8243; offset=&#8221;vc_col-xs-6&#8243;][vc_column_text el_class=&#8221;kontakt-icon kontakt-icon-formular&#8221;]<a class=\"stretched-link\" href=\"\/kontakt\/\"><span class=\"d-none d-md-inline\">Schreiben Sie uns<\/span><span class=\"d-md-none\">Kontakt<\/span><\/a>[\/vc_column_text][\/vc_column_inner][vc_column_inner width=&#8221;1\/3&#8243; offset=&#8221;vc_col-xs-12&#8243;][vc_column_text el_class=&#8221;kontakt-icon kontakt-icon-telefon&#8221;]<a class=\"stretched-link\" href=\"tel:+492162817901\"><span class=\"d-none d-lg-inline\">Telefon:<\/span><span class=\"d-lg-none\">Tel.<\/span> (0)2162 \u2013 8179-01<\/a>[\/vc_column_text][\/vc_column_inner][\/vc_row_inner][\/vc_column][vc_column width=&#8221;1\/12&#8243; offset=&#8221;vc_hidden-sm vc_hidden-xs&#8221;][\/vc_column][\/vc_row]<\/p>\n<\/div>[\/vc_column_text][\/vc_column][\/vc_row]<\/p>\n","protected":false},"excerpt":{"rendered":"<p>[vc_row css=&#8221;.vc_custom_1644392584085{margin-bottom: 120px !important;}&#8221;][vc_column offset=&#8221;vc_col-lg-8 vc_col-md-10&#8243;][vc_column_text] Succesverhalen [\/vc_column_text][vc_column_text css=&#8221;.vc_custom_1643790444118{margin-bottom: 15px !important;padding-top: 0px !important;}&#8221;]Lorem ipsum dolor sit amet, consetetur sadipscing elitr, sed diam nonumy eirmod tempor invidunt ut labore et dolore magna aliquyam erat, sed diam voluptua. At vero eos et accusam et justo duo dolores et ea rebum. Stet clita kasd gubergren, no sea takimata [&hellip;]<\/p>\n","protected":false},"author":1,"featured_media":21495,"parent":0,"menu_order":0,"comment_status":"closed","ping_status":"closed","template":"","meta":{"inline_featured_image":false,"footnotes":""},"_links":{"self":[{"href":"https:\/\/wfg-kreis-viersen.de\/nl\/wp-json\/wp\/v2\/pages\/20421"}],"collection":[{"href":"https:\/\/wfg-kreis-viersen.de\/nl\/wp-json\/wp\/v2\/pages"}],"about":[{"href":"https:\/\/wfg-kreis-viersen.de\/nl\/wp-json\/wp\/v2\/types\/page"}],"author":[{"embeddable":true,"href":"https:\/\/wfg-kreis-viersen.de\/nl\/wp-json\/wp\/v2\/users\/1"}],"replies":[{"embeddable":true,"href":"https:\/\/wfg-kreis-viersen.de\/nl\/wp-json\/wp\/v2\/comments?post=20421"}],"version-history":[{"count":5,"href":"https:\/\/wfg-kreis-viersen.de\/nl\/wp-json\/wp\/v2\/pages\/20421\/revisions"}],"predecessor-version":[{"id":21259,"href":"https:\/\/wfg-kreis-viersen.de\/nl\/wp-json\/wp\/v2\/pages\/20421\/revisions\/21259"}],"wp:featuredmedia":[{"embeddable":true,"href":"https:\/\/wfg-kreis-viersen.de\/nl\/wp-json\/wp\/v2\/media\/21495"}],"wp:attachment":[{"href":"https:\/\/wfg-kreis-viersen.de\/nl\/wp-json\/wp\/v2\/media?parent=20421"}],"curies":[{"name":"wp","href":"https:\/\/api.w.org\/{rel}","templated":true}]}}